{"id":5791,"date":"2024-09-16T14:25:38","date_gmt":"2024-09-16T14:25:38","guid":{"rendered":"https:\/\/didaxe.it\/?page_id=5791"},"modified":"2026-01-16T11:50:22","modified_gmt":"2026-01-16T11:50:22","slug":"skillhub_didaxe","status":"publish","type":"page","link":"https:\/\/didaxe.it\/it\/skillhub_didaxe","title":{"rendered":"SkillHub Didax\u00e9"},"content":{"rendered":"<div data-elementor-type=\"wp-page\" data-elementor-id=\"5791\" class=\"elementor elementor-5791\">\n\t\t\t\t\t\t<section class=\"has_eae_slider elementor-section elementor-top-section elementor-element elementor-element-9166ede elementor-section-boxed elementor-section-height-default elementor-section-height-default\" data-eae-slider=\"31179\" data-id=\"9166ede\" data-element_type=\"section\" data-e-type=\"section\">\n\t\t\t\t\t\t<div class=\"elementor-container elementor-column-gap-default\">\n\t\t\t\t\t<div class=\"has_eae_slider elementor-column elementor-col-100 elementor-top-column elementor-element elementor-element-78b283c\" data-eae-slider=\"11673\" data-id=\"78b283c\" data-element_type=\"column\" data-e-type=\"column\">\n\t\t\t<div class=\"elementor-widget-wrap elementor-element-populated\">\n\t\t\t\t\t\t<div class=\"elementor-element elementor-element-c3ba8e2 elementor-widget elementor-widget-heading\" data-id=\"c3ba8e2\" data-element_type=\"widget\" data-e-type=\"widget\" data-widget_type=\"heading.default\">\n\t\t\t\t<div class=\"elementor-widget-container\">\n\t\t\t\t\t<h2 class=\"elementor-heading-title elementor-size-default\">SkillHub Didax\u00e9<\/h2>\t\t\t\t<\/div>\n\t\t\t\t<\/div>\n\t\t\t\t\t<\/div>\n\t\t<\/div>\n\t\t\t\t\t<\/div>\n\t\t<\/section>\n\t\t\t\t<section class=\"has_eae_slider elementor-section elementor-top-section elementor-element elementor-element-f65816e elementor-section-boxed elementor-section-height-default elementor-section-height-default\" data-eae-slider=\"63044\" data-id=\"f65816e\" data-element_type=\"section\" data-e-type=\"section\">\n\t\t\t\t\t\t<div class=\"elementor-container elementor-column-gap-default\">\n\t\t\t\t\t<div class=\"has_eae_slider elementor-column elementor-col-100 elementor-top-column elementor-element elementor-element-d68e952\" data-eae-slider=\"84343\" data-id=\"d68e952\" data-element_type=\"column\" data-e-type=\"column\">\n\t\t\t<div class=\"elementor-widget-wrap elementor-element-populated\">\n\t\t\t\t\t\t<div class=\"elementor-element elementor-element-f9239da elementor-widget elementor-widget-image\" data-id=\"f9239da\" data-element_type=\"widget\" data-e-type=\"widget\" data-widget_type=\"image.default\">\n\t\t\t\t<div class=\"elementor-widget-container\">\n\t\t\t\t\t\t\t\t\t\t\t\t\t\t\t<img  title=\"\" fetchpriority=\"high\" decoding=\"async\" width=\"1656\" height=\"630\" src=\"https:\/\/didaxe.it\/wp-content\/uploads\/2026\/01\/fb_ant.png\" class=\"attachment-2048x2048 size-2048x2048 wp-image-6364\"  alt=\"fb_ant SkillHub Didax\u00e9\"  srcset=\"https:\/\/didaxe.it\/wp-content\/uploads\/2026\/01\/fb_ant.png 1656w, https:\/\/didaxe.it\/wp-content\/uploads\/2026\/01\/fb_ant-300x114.png 300w, https:\/\/didaxe.it\/wp-content\/uploads\/2026\/01\/fb_ant-1024x390.png 1024w, https:\/\/didaxe.it\/wp-content\/uploads\/2026\/01\/fb_ant-768x292.png 768w, https:\/\/didaxe.it\/wp-content\/uploads\/2026\/01\/fb_ant-1536x584.png 1536w, https:\/\/didaxe.it\/wp-content\/uploads\/2026\/01\/fb_ant-18x7.png 18w, https:\/\/didaxe.it\/wp-content\/uploads\/2026\/01\/fb_ant-24x9.png 24w, https:\/\/didaxe.it\/wp-content\/uploads\/2026\/01\/fb_ant-36x14.png 36w, https:\/\/didaxe.it\/wp-content\/uploads\/2026\/01\/fb_ant-48x18.png 48w\" sizes=\"(max-width: 1656px) 100vw, 1656px\" \/>\t\t\t\t\t\t\t\t\t\t\t\t\t\t\t<\/div>\n\t\t\t\t<\/div>\n\t\t\t\t\t<\/div>\n\t\t<\/div>\n\t\t\t\t\t<\/div>\n\t\t<\/section>\n\t\t\t\t<section class=\"has_eae_slider elementor-section elementor-top-section elementor-element elementor-element-457633b elementor-section-boxed elementor-section-height-default elementor-section-height-default\" data-eae-slider=\"72973\" data-id=\"457633b\" data-element_type=\"section\" data-e-type=\"section\">\n\t\t\t\t\t\t<div class=\"elementor-container elementor-column-gap-default\">\n\t\t\t\t\t<div class=\"has_eae_slider elementor-column elementor-col-100 elementor-top-column elementor-element elementor-element-b6c4a66\" data-eae-slider=\"74217\" data-id=\"b6c4a66\" data-element_type=\"column\" data-e-type=\"column\">\n\t\t\t<div class=\"elementor-widget-wrap elementor-element-populated\">\n\t\t\t\t\t\t<div class=\"elementor-element elementor-element-085e742 elementor-widget elementor-widget-text-editor\" data-id=\"085e742\" data-element_type=\"widget\" data-e-type=\"widget\" data-widget_type=\"text-editor.default\">\n\t\t\t\t<div class=\"elementor-widget-container\">\n\t\t\t\t\t\t\t\t\t<p>SkillHub Didax\u00e9 \u00e8 la sede casertana della cooperativa Didax\u00e9 che si occupa di Educazione degli Adulti. Offriamo una variet\u00e0 di corsi e attivit\u00e0 rivolti ai discenti adulti del territorio. Didax\u00e9 \u00e8 il coordinatore di un consorzio accreditato che ogni anno invia all\u2019estero sia il personale del consorzio sia i discenti adulti.\nLe attivit\u00e0 di formazione e istruzione all\u2019estero sono interamente finanziate dal programma Erasmus Plus e coprono vitto, alloggio, viaggio e assicurazione. Inoltre, tali attivit\u00e0 sono principalmente riservate (anche se non esclusivamente) a partecipanti provenienti da contesti svantaggiati (inclusi svantaggi economici, culturali\/sociali, background migratori, disabilit\u00e0, ecc.).\u00a0<\/p>\t\t\t\t\t\t\t\t<\/div>\n\t\t\t\t<\/div>\n\t\t\t\t\t<\/div>\n\t\t<\/div>\n\t\t\t\t\t<\/div>\n\t\t<\/section>\n\t\t\t\t<section class=\"has_eae_slider elementor-section elementor-top-section elementor-element elementor-element-0bbf653 elementor-section-boxed elementor-section-height-default elementor-section-height-default\" data-eae-slider=\"83747\" data-id=\"0bbf653\" data-element_type=\"section\" data-e-type=\"section\">\n\t\t\t\t\t\t<div class=\"elementor-container elementor-column-gap-default\">\n\t\t\t\t\t<div class=\"has_eae_slider elementor-column elementor-col-100 elementor-top-column elementor-element elementor-element-f662801\" data-eae-slider=\"23143\" data-id=\"f662801\" data-element_type=\"column\" data-e-type=\"column\">\n\t\t\t<div class=\"elementor-widget-wrap elementor-element-populated\">\n\t\t\t\t\t\t<div class=\"elementor-element elementor-element-2f79b40 elementor-widget-divider--view-line elementor-widget elementor-widget-divider\" data-id=\"2f79b40\" data-element_type=\"widget\" data-e-type=\"widget\" data-widget_type=\"divider.default\">\n\t\t\t\t<div class=\"elementor-widget-container\">\n\t\t\t\t\t\t\t<div class=\"elementor-divider\">\n\t\t\t<span class=\"elementor-divider-separator\">\n\t\t\t\t\t\t<\/span>\n\t\t<\/div>\n\t\t\t\t\t\t<\/div>\n\t\t\t\t<\/div>\n\t\t\t\t\t<\/div>\n\t\t<\/div>\n\t\t\t\t\t<\/div>\n\t\t<\/section>\n\t\t\t\t<section class=\"has_eae_slider elementor-section elementor-top-section elementor-element elementor-element-578b6ef elementor-section-boxed elementor-section-height-default elementor-section-height-default\" data-eae-slider=\"27064\" data-id=\"578b6ef\" data-element_type=\"section\" data-e-type=\"section\">\n\t\t\t\t\t\t<div class=\"elementor-container elementor-column-gap-default\">\n\t\t\t\t\t<div class=\"has_eae_slider elementor-column elementor-col-100 elementor-top-column elementor-element elementor-element-08f9001\" data-eae-slider=\"45759\" data-id=\"08f9001\" data-element_type=\"column\" data-e-type=\"column\">\n\t\t\t<div class=\"elementor-widget-wrap elementor-element-populated\">\n\t\t\t\t\t\t<div class=\"elementor-element elementor-element-79450e3 elementor-widget elementor-widget-heading\" data-id=\"79450e3\" data-element_type=\"widget\" data-e-type=\"widget\" data-widget_type=\"heading.default\">\n\t\t\t\t<div class=\"elementor-widget-container\">\n\t\t\t\t\t<h2 class=\"elementor-heading-title elementor-size-default\">Ultime novit\u00e0 in SkillHub Didax\u00e9<\/h2>\t\t\t\t<\/div>\n\t\t\t\t<\/div>\n\t\t\t\t\t<\/div>\n\t\t<\/div>\n\t\t\t\t\t<\/div>\n\t\t<\/section>\n\t\t\t\t<section class=\"has_eae_slider elementor-section elementor-top-section elementor-element elementor-element-32a22d8 elementor-section-boxed elementor-section-height-default elementor-section-height-default\" data-eae-slider=\"41615\" data-id=\"32a22d8\" data-element_type=\"section\" data-e-type=\"section\">\n\t\t\t\t\t\t<div class=\"elementor-container elementor-column-gap-default\">\n\t\t\t\t\t<div class=\"has_eae_slider elementor-column elementor-col-100 elementor-top-column elementor-element elementor-element-4a910c4\" data-eae-slider=\"39366\" data-id=\"4a910c4\" data-element_type=\"column\" data-e-type=\"column\">\n\t\t\t<div class=\"elementor-widget-wrap elementor-element-populated\">\n\t\t\t\t\t\t\t<\/div>\n\t\t<\/div>\n\t\t\t\t\t<\/div>\n\t\t<\/section>\n\t\t\t\t<section class=\"has_eae_slider elementor-section elementor-top-section elementor-element elementor-element-6d2d087 elementor-section-boxed elementor-section-height-default elementor-section-height-default\" data-eae-slider=\"48693\" data-id=\"6d2d087\" data-element_type=\"section\" data-e-type=\"section\">\n\t\t\t\t\t\t<div class=\"elementor-container elementor-column-gap-default\">\n\t\t\t\t\t<div class=\"has_eae_slider elementor-column elementor-col-100 elementor-top-column elementor-element elementor-element-c87ccd7\" data-eae-slider=\"55306\" data-id=\"c87ccd7\" data-element_type=\"column\" data-e-type=\"column\">\n\t\t\t<div class=\"elementor-widget-wrap elementor-element-populated\">\n\t\t\t\t\t\t<div class=\"elementor-element elementor-element-1d0b8e8 elementor-widget-divider--view-line elementor-widget elementor-widget-divider\" data-id=\"1d0b8e8\" data-element_type=\"widget\" data-e-type=\"widget\" data-widget_type=\"divider.default\">\n\t\t\t\t<div class=\"elementor-widget-container\">\n\t\t\t\t\t\t\t<div class=\"elementor-divider\">\n\t\t\t<span class=\"elementor-divider-separator\">\n\t\t\t\t\t\t<\/span>\n\t\t<\/div>\n\t\t\t\t\t\t<\/div>\n\t\t\t\t<\/div>\n\t\t\t\t\t<\/div>\n\t\t<\/div>\n\t\t\t\t\t<\/div>\n\t\t<\/section>\n\t\t\t\t<section class=\"has_eae_slider elementor-section elementor-top-section elementor-element elementor-element-cfd66c5 elementor-section-boxed elementor-section-height-default elementor-section-height-default\" data-eae-slider=\"14300\" data-id=\"cfd66c5\" data-element_type=\"section\" data-e-type=\"section\">\n\t\t\t\t\t\t<div class=\"elementor-container elementor-column-gap-default\">\n\t\t\t\t\t<div class=\"has_eae_slider elementor-column elementor-col-100 elementor-top-column elementor-element elementor-element-b0b52e3\" data-eae-slider=\"45565\" data-id=\"b0b52e3\" data-element_type=\"column\" data-e-type=\"column\">\n\t\t\t<div class=\"elementor-widget-wrap elementor-element-populated\">\n\t\t\t\t\t\t<div class=\"elementor-element elementor-element-25a64b9 elementor-widget elementor-widget-heading\" data-id=\"25a64b9\" data-element_type=\"widget\" data-e-type=\"widget\" data-widget_type=\"heading.default\">\n\t\t\t\t<div class=\"elementor-widget-container\">\n\t\t\t\t\t<h2 class=\"elementor-heading-title elementor-size-default\">Seguici sui nostri social!<\/h2>\t\t\t\t<\/div>\n\t\t\t\t<\/div>\n\t\t\t\t\t<\/div>\n\t\t<\/div>\n\t\t\t\t\t<\/div>\n\t\t<\/section>\n\t\t\t\t<section class=\"has_eae_slider elementor-section elementor-top-section elementor-element elementor-element-c01a213 elementor-section-boxed elementor-section-height-default elementor-section-height-default\" data-eae-slider=\"168\" data-id=\"c01a213\" data-element_type=\"section\" data-e-type=\"section\">\n\t\t\t\t\t\t<div class=\"elementor-container elementor-column-gap-default\">\n\t\t\t\t\t<div class=\"has_eae_slider elementor-column elementor-col-100 elementor-top-column elementor-element elementor-element-a706e3f\" data-eae-slider=\"14966\" data-id=\"a706e3f\" data-element_type=\"column\" data-e-type=\"column\">\n\t\t\t<div class=\"elementor-widget-wrap elementor-element-populated\">\n\t\t\t\t\t\t<div class=\"elementor-element elementor-element-8315bc5 elementor-widget elementor-widget-link-in-bio\" data-id=\"8315bc5\" data-element_type=\"widget\" data-e-type=\"widget\" data-widget_type=\"link-in-bio.default\">\n\t\t\t\t<div class=\"elementor-widget-container\">\n\t\t\t\t\t\t\t<div class=\"e-link-in-bio e-link-in-bio\">\n\t\t\t<div class=\"e-link-in-bio__content\">\n\n\t\t\t\t\t\t<div class=\"e-link-in-bio__identity\">\n\t\t\t\t\t\t\t\t\t<div class=\"e-link-in-bio__identity-image e-link-in-bio__identity-image-profile has-style-circle\">\n\t\t\t\t\t\t\t<img  title=\"\" decoding=\"async\" width=\"300\" height=\"300\" src=\"https:\/\/didaxe.it\/wp-content\/uploads\/2026\/01\/logo_did-300x300.png\" class=\"e-link-in-bio__identity-image-element\"  alt=\"logo_did-300x300 SkillHub Didax\u00e9\"  srcset=\"https:\/\/didaxe.it\/wp-content\/uploads\/2026\/01\/logo_did-300x300.png 300w, https:\/\/didaxe.it\/wp-content\/uploads\/2026\/01\/logo_did-150x150.png 150w, https:\/\/didaxe.it\/wp-content\/uploads\/2026\/01\/logo_did-12x12.png 12w, https:\/\/didaxe.it\/wp-content\/uploads\/2026\/01\/logo_did-144x144.png 144w, https:\/\/didaxe.it\/wp-content\/uploads\/2026\/01\/logo_did-24x24.png 24w, https:\/\/didaxe.it\/wp-content\/uploads\/2026\/01\/logo_did-36x36.png 36w, https:\/\/didaxe.it\/wp-content\/uploads\/2026\/01\/logo_did-48x48.png 48w, https:\/\/didaxe.it\/wp-content\/uploads\/2026\/01\/logo_did.png 500w\" sizes=\"(max-width: 300px) 100vw, 300px\" \/>\t\t\t\t\t\t\t\t\t\t\t\t\t<\/div>\n\t\t\t\t\t\t\t<\/div>\n\t\t\t\t\t<div class=\"e-link-in-bio__bio\">\n\t\t\t\t<h1 class=\"e-link-in-bio__heading\">SkillHub Didax\u00e9<\/h1>\t\t\t\t<h3 class=\"e-link-in-bio__title\">Via A. Ceccano 21, 81100 Caserta, Italy<\/h3>\t\t\t\t\t\t\t\t<p class=\"e-link-in-bio__description\">Follow us!<\/p>\t\t\t<\/div>\n\t\t\t\t\t<div class=\"e-link-in-bio__icons has-size-small\">\n\t\t\t\t\t\t\t<div class=\"e-link-in-bio__icon is-size-small\">\n\t\t\t\t\t<a href=\"https:\/\/www.facebook.com\/profile.php?id=61565896864008\" target=\"_blank\" rel=\"noopener \" aria-label=\"Facebook\" class=\"e-link-in-bio__icon-link\">\n\t\t\t\t\t\t<span class=\"e-link-in-bio__icon-svg\">\n\t\t\t\t\t\t\t<i aria-hidden=\"true\" class=\"fab fa-facebook\"><\/i>\t\t\t\t\t\t<\/span>\n\t\t\t\t\t\t\t\t\t\t\t<\/a>\n\t\t\t\t<\/div>\n\t\t\t\t\t\t\t<div class=\"e-link-in-bio__icon is-size-small\">\n\t\t\t\t\t<a href=\"https:\/\/www.instagram.com\/skillhubdidaxe\/\" target=\"_blank\" rel=\"noopener \" aria-label=\"Instagram\" class=\"e-link-in-bio__icon-link\">\n\t\t\t\t\t\t<span class=\"e-link-in-bio__icon-svg\">\n\t\t\t\t\t\t\t<i aria-hidden=\"true\" class=\"fab fa-instagram\"><\/i>\t\t\t\t\t\t<\/span>\n\t\t\t\t\t\t\t\t\t\t\t<\/a>\n\t\t\t\t<\/div>\n\t\t\t\t\t\t\t<div class=\"e-link-in-bio__icon is-size-small\">\n\t\t\t\t\t<a href=\"https:\/\/www.linkedin.com\/company\/didax%C3%A9-coop-soc-a-r-l\/\" target=\"_blank\" rel=\"noopener \" aria-label=\"LinkedIn\" class=\"e-link-in-bio__icon-link\">\n\t\t\t\t\t\t<span class=\"e-link-in-bio__icon-svg\">\n\t\t\t\t\t\t\t<i aria-hidden=\"true\" class=\"fab fa-linkedin-in\"><\/i>\t\t\t\t\t\t<\/span>\n\t\t\t\t\t\t\t\t\t\t\t<\/a>\n\t\t\t\t<\/div>\n\t\t\t\t\t<\/div>\n\t\t\n\t\t<div class=\"e-link-in-bio__ctas has-type-button\">\n\t\t\t\t\t\t\t<a class=\"e-link-in-bio__cta is-type-button has-corners-rounded\" href=\"tel:+3908231495379\">\n\t\t\t\t\t\t\t\t\t\t<span class=\"e-link-in-bio__cta-text\">\n\t\t\t\t\t\tChiamaci\t\t\t\t\t<\/span>\n\t\t\t\t<\/a>\n\t\t\t\t\t\t\t<a class=\"e-link-in-bio__cta is-type-button has-corners-rounded\" href=\"mailto:info@didaxe.it?subject=Informations&amp;body=Hi!We%20are%20available!\">\n\t\t\t\t\t\t\t\t\t\t<span class=\"e-link-in-bio__cta-text\">\n\t\t\t\t\t\tWrite us - info@didaxe.it\t\t\t\t\t<\/span>\n\t\t\t\t<\/a>\n\t\t\t\t\t<\/div>\n\t\t\n\t\t\t<\/div>\n\t\t\t<div class=\"e-link-in-bio__bg\">\n\t\t\t\t<div class=\"e-link-in-bio__bg-overlay\"><\/div>\n\t\t\t<\/div>\n\t\t<\/div>\n\t\t\t\t\t\t<\/div>\n\t\t\t\t<\/div>\n\t\t\t\t\t<\/div>\n\t\t<\/div>\n\t\t\t\t\t<\/div>\n\t\t<\/section>\n\t\t\t\t<\/div>","protected":false},"excerpt":{"rendered":"<p>SkillHub Didax\u00e9 SkillHub Didax\u00e9 is the casertan office of the Didax\u00e9 cooperative, the one focusing on Adult Education. We offer a variety of courses and activities aimed at adult learners in the area, Didax\u00e9 is the coordinator of an accredited consortium that annually sends both consortium staff and adult learners abroad. The training and education [&hellip;]<\/p>\n","protected":false},"author":1,"featured_media":0,"parent":0,"menu_order":0,"comment_status":"closed","ping_status":"closed","template":"","meta":{"zakra_page_container_layout":"customizer","zakra_page_sidebar_layout":"customizer","zakra_remove_content_margin":false,"zakra_sidebar":"customizer","zakra_transparent_header":"customizer","zakra_logo":0,"zakra_main_header_style":"default","zakra_menu_item_color":"","zakra_menu_item_hover_color":"","zakra_menu_item_active_color":"","zakra_menu_active_style":"","zakra_page_header":true,"footnotes":""},"class_list":["post-5791","page","type-page","status-publish","hentry"],"aioseo_notices":[],"_links":{"self":[{"href":"https:\/\/didaxe.it\/it\/wp-json\/wp\/v2\/pages\/5791","targetHints":{"allow":["GET"]}}],"collection":[{"href":"https:\/\/didaxe.it\/it\/wp-json\/wp\/v2\/pages"}],"about":[{"href":"https:\/\/didaxe.it\/it\/wp-json\/wp\/v2\/types\/page"}],"author":[{"embeddable":true,"href":"https:\/\/didaxe.it\/it\/wp-json\/wp\/v2\/users\/1"}],"replies":[{"embeddable":true,"href":"https:\/\/didaxe.it\/it\/wp-json\/wp\/v2\/comments?post=5791"}],"version-history":[{"count":35,"href":"https:\/\/didaxe.it\/it\/wp-json\/wp\/v2\/pages\/5791\/revisions"}],"predecessor-version":[{"id":6385,"href":"https:\/\/didaxe.it\/it\/wp-json\/wp\/v2\/pages\/5791\/revisions\/6385"}],"wp:attachment":[{"href":"https:\/\/didaxe.it\/it\/wp-json\/wp\/v2\/media?parent=5791"}],"curies":[{"name":"wp","href":"https:\/\/api.w.org\/{rel}","templated":true}]}}