{"id":430,"date":"2021-04-13T12:35:22","date_gmt":"2021-04-13T12:35:22","guid":{"rendered":"https:\/\/new.didaxe.it\/?page_id=430"},"modified":"2025-10-23T16:39:08","modified_gmt":"2025-10-23T16:39:08","slug":"who-we-are","status":"publish","type":"page","link":"https:\/\/didaxe.it\/it\/who-we-are","title":{"rendered":"Chi siamo"},"content":{"rendered":"<div data-elementor-type=\"wp-page\" data-elementor-id=\"430\" class=\"elementor elementor-430\">\n\t\t\t\t\t\t<section class=\"has_eae_slider elementor-section elementor-top-section elementor-element elementor-element-6c86703 elementor-section-stretched elementor-section-boxed elementor-section-height-default elementor-section-height-default\" data-eae-slider=\"90704\" data-id=\"6c86703\" data-element_type=\"section\" data-e-type=\"section\" data-settings=\"{&quot;stretch_section&quot;:&quot;section-stretched&quot;}\">\n\t\t\t\t\t\t<div class=\"elementor-container elementor-column-gap-default\">\n\t\t\t\t\t<div class=\"has_eae_slider elementor-column elementor-col-100 elementor-top-column elementor-element elementor-element-b7af2d8\" data-eae-slider=\"30691\" data-id=\"b7af2d8\" data-element_type=\"column\" data-e-type=\"column\">\n\t\t\t<div class=\"elementor-widget-wrap elementor-element-populated\">\n\t\t\t\t\t\t<div class=\"elementor-element elementor-element-b2f50ad elementor-widget elementor-widget-heading\" data-id=\"b2f50ad\" data-element_type=\"widget\" data-e-type=\"widget\" data-widget_type=\"heading.default\">\n\t\t\t\t<div class=\"elementor-widget-container\">\n\t\t\t\t\t<h2 class=\"elementor-heading-title elementor-size-default\">Che cos'\u00e9 Didax\u00e9?<\/h2>\t\t\t\t<\/div>\n\t\t\t\t<\/div>\n\t\t\t\t\t<\/div>\n\t\t<\/div>\n\t\t\t\t\t<\/div>\n\t\t<\/section>\n\t\t\t\t<section class=\"has_eae_slider elementor-section elementor-top-section elementor-element elementor-element-7bbacef elementor-section-stretched elementor-section-boxed elementor-section-height-default elementor-section-height-default\" data-eae-slider=\"77053\" data-id=\"7bbacef\" data-element_type=\"section\" data-e-type=\"section\" data-settings=\"{&quot;stretch_section&quot;:&quot;section-stretched&quot;}\">\n\t\t\t\t\t\t<div class=\"elementor-container elementor-column-gap-default\">\n\t\t\t\t\t<div class=\"has_eae_slider elementor-column elementor-col-100 elementor-top-column elementor-element elementor-element-7922cd6\" data-eae-slider=\"56238\" data-id=\"7922cd6\" data-element_type=\"column\" data-e-type=\"column\">\n\t\t\t<div class=\"elementor-widget-wrap elementor-element-populated\">\n\t\t\t\t\t\t<div class=\"elementor-element elementor-element-31edae6 elementor-widget elementor-widget-text-editor\" data-id=\"31edae6\" data-element_type=\"widget\" data-e-type=\"widget\" data-widget_type=\"text-editor.default\">\n\t\t\t\t<div class=\"elementor-widget-container\">\n\t\t\t\t\t\t\t\t\t<p>Didax\u00e9 \u00e8 una giovane e dinamica agenzia di formazione. Il nostro obiettivo \u00e8 promuovere programmi di formazione professionale innovativi e di qualit\u00e0, preziosi per i partecipanti di tutte le et\u00e0, italiani e stranieri, sia studenti che insegnanti\/formatori, e accessibili attraverso varie fonti di finanziamento. Didax\u00e9 \u00e8 stata fondata nel 2016, come associazione denominata Tellus Italy, facente parte del Tellus Education Group, un centro di formazione professionale con sede nel Regno Unito e con sedi in Spagna e Polonia. Nel 2018 l'associazione \u00e8 stata trasformata in una cooperativa sociale e nel 2019 ha cambiato il suo nome in Didax\u00e9, uscendo dall'ambiente Tellus, ma mantenendo aperta la cooperazione. Dal 2020, le nostre attivit\u00e0 si sono sviluppate anche nel sud Italia, grazie alla trasformazione di una villa confiscata dalla mafia nel Cellole Youth Centre - Officine Didax\u00e9. Inoltre, dal 2021, abbiamo aperto un terzo ufficio a Caserta. \nInfine, la cooperativa \u00e8 accreditata ISO9001:2015 per la qualit\u00e0 dei suoi servizi di formazione dal 2020 ed \u00e8 accreditata come organismo coordinatore dall'Agenzia Nazionale Erasmus Plus per l'Educazione degli Adulti.<\/p>\t\t\t\t\t\t\t\t<\/div>\n\t\t\t\t<\/div>\n\t\t\t\t\t<\/div>\n\t\t<\/div>\n\t\t\t\t\t<\/div>\n\t\t<\/section>\n\t\t\t\t<section class=\"has_eae_slider elementor-section elementor-top-section elementor-element elementor-element-f6a8b47 elementor-section-stretched elementor-section-boxed elementor-section-height-default elementor-section-height-default\" data-eae-slider=\"12790\" data-id=\"f6a8b47\" data-element_type=\"section\" data-e-type=\"section\" data-settings=\"{&quot;stretch_section&quot;:&quot;section-stretched&quot;}\">\n\t\t\t\t\t\t<div class=\"elementor-container elementor-column-gap-default\">\n\t\t\t\t\t<div class=\"has_eae_slider elementor-column elementor-col-100 elementor-top-column elementor-element elementor-element-fd50318\" data-eae-slider=\"97181\" data-id=\"fd50318\" data-element_type=\"column\" data-e-type=\"column\">\n\t\t\t<div class=\"elementor-widget-wrap elementor-element-populated\">\n\t\t\t\t\t\t<div class=\"elementor-element elementor-element-d62513b elementor-widget elementor-widget-spacer\" data-id=\"d62513b\" data-element_type=\"widget\" data-e-type=\"widget\" data-widget_type=\"spacer.default\">\n\t\t\t\t<div class=\"elementor-widget-container\">\n\t\t\t\t\t\t\t<div class=\"elementor-spacer\">\n\t\t\t<div class=\"elementor-spacer-inner\"><\/div>\n\t\t<\/div>\n\t\t\t\t\t\t<\/div>\n\t\t\t\t<\/div>\n\t\t\t\t\t<\/div>\n\t\t<\/div>\n\t\t\t\t\t<\/div>\n\t\t<\/section>\n\t\t\t\t<section class=\"has_eae_slider elementor-section elementor-top-section elementor-element elementor-element-f14357b elementor-section-stretched elementor-section-boxed elementor-section-height-default elementor-section-height-default\" data-eae-slider=\"68260\" data-id=\"f14357b\" data-element_type=\"section\" data-e-type=\"section\" data-settings=\"{&quot;stretch_section&quot;:&quot;section-stretched&quot;}\">\n\t\t\t\t\t\t<div class=\"elementor-container elementor-column-gap-default\">\n\t\t\t\t\t<div class=\"has_eae_slider elementor-column elementor-col-100 elementor-top-column elementor-element elementor-element-f167f28\" data-eae-slider=\"84642\" data-id=\"f167f28\" data-element_type=\"column\" data-e-type=\"column\">\n\t\t\t<div class=\"elementor-widget-wrap elementor-element-populated\">\n\t\t\t\t\t\t<div class=\"elementor-element elementor-element-81bf406 elementor-widget elementor-widget-heading\" data-id=\"81bf406\" data-element_type=\"widget\" data-e-type=\"widget\" data-widget_type=\"heading.default\">\n\t\t\t\t<div class=\"elementor-widget-container\">\n\t\t\t\t\t<h2 class=\"elementor-heading-title elementor-size-default\">Staff<\/h2>\t\t\t\t<\/div>\n\t\t\t\t<\/div>\n\t\t\t\t\t<\/div>\n\t\t<\/div>\n\t\t\t\t\t<\/div>\n\t\t<\/section>\n\t\t\t\t<section class=\"has_eae_slider elementor-section elementor-top-section elementor-element elementor-element-36e4e99 elementor-section-boxed elementor-section-height-default elementor-section-height-default\" data-eae-slider=\"64379\" data-id=\"36e4e99\" data-element_type=\"section\" data-e-type=\"section\">\n\t\t\t\t\t\t<div class=\"elementor-container elementor-column-gap-default\">\n\t\t\t\t\t<div class=\"has_eae_slider elementor-column elementor-col-33 elementor-top-column elementor-element elementor-element-904010a\" data-eae-slider=\"94396\" data-id=\"904010a\" data-element_type=\"column\" data-e-type=\"column\">\n\t\t\t<div class=\"elementor-widget-wrap elementor-element-populated\">\n\t\t\t\t\t\t<div class=\"elementor-element elementor-element-be9e253 elementor-position-top elementor-widget elementor-widget-image-box\" data-id=\"be9e253\" data-element_type=\"widget\" data-e-type=\"widget\" data-widget_type=\"image-box.default\">\n\t\t\t\t<div class=\"elementor-widget-container\">\n\t\t\t\t\t<div class=\"elementor-image-box-wrapper\"><figure class=\"elementor-image-box-img\"><a href=\"https:\/\/www.linkedin.com\/in\/robertogreco82\/?challengeId=AQHhhqVKXhfxbwAAAXMkgy8k7OqO5fzO_-duTYNpPOWeXt6yX4jqpiOAX14XBwxL-LADfmFmd2eIePf7-v1d9VfStnYMZinF8A&#038;submissionId=2bd2e79d-e22f-1f16-af03-2bdf466e0d05&#038;originalSubdomain=it\" tabindex=\"-1\"><img  title=\"\" fetchpriority=\"high\" decoding=\"async\" width=\"600\" height=\"600\" src=\"https:\/\/didaxe.it\/wp-content\/uploads\/2025\/01\/Didaxe.png\" class=\"attachment-full size-full wp-image-6161\"  alt=\"Didaxe Who we are\"  srcset=\"https:\/\/didaxe.it\/wp-content\/uploads\/2025\/01\/Didaxe.png 600w, https:\/\/didaxe.it\/wp-content\/uploads\/2025\/01\/Didaxe-300x300.png 300w, https:\/\/didaxe.it\/wp-content\/uploads\/2025\/01\/Didaxe-150x150.png 150w, https:\/\/didaxe.it\/wp-content\/uploads\/2025\/01\/Didaxe-12x12.png 12w, https:\/\/didaxe.it\/wp-content\/uploads\/2025\/01\/Didaxe-144x144.png 144w, https:\/\/didaxe.it\/wp-content\/uploads\/2025\/01\/Didaxe-24x24.png 24w, https:\/\/didaxe.it\/wp-content\/uploads\/2025\/01\/Didaxe-36x36.png 36w, https:\/\/didaxe.it\/wp-content\/uploads\/2025\/01\/Didaxe-48x48.png 48w\" sizes=\"(max-width: 600px) 100vw, 600px\" \/><\/a><\/figure><div class=\"elementor-image-box-content\"><h3 class=\"elementor-image-box-title\"><a href=\"https:\/\/www.linkedin.com\/in\/robertogreco82\/?challengeId=AQHhhqVKXhfxbwAAAXMkgy8k7OqO5fzO_-duTYNpPOWeXt6yX4jqpiOAX14XBwxL-LADfmFmd2eIePf7-v1d9VfStnYMZinF8A&#038;submissionId=2bd2e79d-e22f-1f16-af03-2bdf466e0d05&#038;originalSubdomain=it\">Roberto Greco<\/a><\/h3><p class=\"elementor-image-box-description\">Fondatore e Presidente\n\n<\/p><\/div><\/div>\t\t\t\t<\/div>\n\t\t\t\t<\/div>\n\t\t\t\t<div class=\"elementor-element elementor-element-050e90b elementor-widget elementor-widget-text-editor\" data-id=\"050e90b\" data-element_type=\"widget\" data-e-type=\"widget\" data-widget_type=\"text-editor.default\">\n\t\t\t\t<div class=\"elementor-widget-container\">\n\t\t\t\t\t\t\t\t\t<p><a href=\"mailto:grecor@didaxe.it\">grecor@didaxe.it<\/a><\/p>\t\t\t\t\t\t\t\t<\/div>\n\t\t\t\t<\/div>\n\t\t\t\t<div class=\"elementor-element elementor-element-2e4c9e7 elementor-align-center elementor-widget elementor-widget-button\" data-id=\"2e4c9e7\" data-element_type=\"widget\" data-e-type=\"widget\" data-widget_type=\"button.default\">\n\t\t\t\t<div class=\"elementor-widget-container\">\n\t\t\t\t\t\t\t\t\t<div class=\"elementor-button-wrapper\">\n\t\t\t\t\t<a class=\"elementor-button elementor-button-link elementor-size-sm\" href=\"https:\/\/it.linkedin.com\/in\/robertogreco82?challengeId=AQHhhqVKXhfxbwAAAXMkgy8k7OqO5fzO_-duTYNpPOWeXt6yX4jqpiOAX14XBwxL-LADfmFmd2eIePf7-v1d9VfStnYMZinF8A&#038;submissionId=2bd2e79d-e22f-1f16-af03-2bdf466e0d05\" target=\"_blank\">\n\t\t\t\t\t\t<span class=\"elementor-button-content-wrapper\">\n\t\t\t\t\t\t\t\t\t<span class=\"elementor-button-text\">LinkedIn<\/span>\n\t\t\t\t\t<\/span>\n\t\t\t\t\t<\/a>\n\t\t\t\t<\/div>\n\t\t\t\t\t\t\t\t<\/div>\n\t\t\t\t<\/div>\n\t\t\t\t\t<\/div>\n\t\t<\/div>\n\t\t\t\t<div class=\"has_eae_slider elementor-column elementor-col-33 elementor-top-column elementor-element elementor-element-fc69937\" data-eae-slider=\"68561\" data-id=\"fc69937\" data-element_type=\"column\" data-e-type=\"column\">\n\t\t\t<div class=\"elementor-widget-wrap elementor-element-populated\">\n\t\t\t\t\t\t<div class=\"elementor-element elementor-element-e48e662 elementor-position-top elementor-widget elementor-widget-image-box\" data-id=\"e48e662\" data-element_type=\"widget\" data-e-type=\"widget\" data-widget_type=\"image-box.default\">\n\t\t\t\t<div class=\"elementor-widget-container\">\n\t\t\t\t\t<div class=\"elementor-image-box-wrapper\"><figure class=\"elementor-image-box-img\"><a href=\"https:\/\/www.linkedin.com\/in\/robertogreco82\/?challengeId=AQHhhqVKXhfxbwAAAXMkgy8k7OqO5fzO_-duTYNpPOWeXt6yX4jqpiOAX14XBwxL-LADfmFmd2eIePf7-v1d9VfStnYMZinF8A&#038;submissionId=2bd2e79d-e22f-1f16-af03-2bdf466e0d05&#038;originalSubdomain=it\" tabindex=\"-1\"><img  title=\"\" decoding=\"async\" width=\"600\" height=\"600\" src=\"https:\/\/didaxe.it\/wp-content\/uploads\/2025\/10\/Didaxe-1.png\" class=\"attachment-full size-full wp-image-6284\"  alt=\"Didaxe-1 Who we are\"  srcset=\"https:\/\/didaxe.it\/wp-content\/uploads\/2025\/10\/Didaxe-1.png 600w, https:\/\/didaxe.it\/wp-content\/uploads\/2025\/10\/Didaxe-1-300x300.png 300w, https:\/\/didaxe.it\/wp-content\/uploads\/2025\/10\/Didaxe-1-150x150.png 150w, https:\/\/didaxe.it\/wp-content\/uploads\/2025\/10\/Didaxe-1-12x12.png 12w, https:\/\/didaxe.it\/wp-content\/uploads\/2025\/10\/Didaxe-1-144x144.png 144w, https:\/\/didaxe.it\/wp-content\/uploads\/2025\/10\/Didaxe-1-24x24.png 24w, https:\/\/didaxe.it\/wp-content\/uploads\/2025\/10\/Didaxe-1-36x36.png 36w, https:\/\/didaxe.it\/wp-content\/uploads\/2025\/10\/Didaxe-1-48x48.png 48w\" sizes=\"(max-width: 600px) 100vw, 600px\" \/><\/a><\/figure><div class=\"elementor-image-box-content\"><h3 class=\"elementor-image-box-title\"><a href=\"https:\/\/www.linkedin.com\/in\/robertogreco82\/?challengeId=AQHhhqVKXhfxbwAAAXMkgy8k7OqO5fzO_-duTYNpPOWeXt6yX4jqpiOAX14XBwxL-LADfmFmd2eIePf7-v1d9VfStnYMZinF8A&#038;submissionId=2bd2e79d-e22f-1f16-af03-2bdf466e0d05&#038;originalSubdomain=it\">Marina Cioppa<\/a><\/h3><p class=\"elementor-image-box-description\">Amministrazione e gestione di progetto\n\n<\/p><\/div><\/div>\t\t\t\t<\/div>\n\t\t\t\t<\/div>\n\t\t\t\t<div class=\"elementor-element elementor-element-4373498 elementor-widget elementor-widget-text-editor\" data-id=\"4373498\" data-element_type=\"widget\" data-e-type=\"widget\" data-widget_type=\"text-editor.default\">\n\t\t\t\t<div class=\"elementor-widget-container\">\n\t\t\t\t\t\t\t\t\t<p><a href=\"mailto:grecor@didaxe.it\">info@didaxe.it<\/a><\/p>\t\t\t\t\t\t\t\t<\/div>\n\t\t\t\t<\/div>\n\t\t\t\t<div class=\"elementor-element elementor-element-efeb3f8 elementor-align-center elementor-widget elementor-widget-button\" data-id=\"efeb3f8\" data-element_type=\"widget\" data-e-type=\"widget\" data-widget_type=\"button.default\">\n\t\t\t\t<div class=\"elementor-widget-container\">\n\t\t\t\t\t\t\t\t\t<div class=\"elementor-button-wrapper\">\n\t\t\t\t\t<a class=\"elementor-button elementor-button-link elementor-size-sm\" href=\"https:\/\/www.linkedin.com\/in\/marina-cioppa-13483a30b\/\" target=\"_blank\">\n\t\t\t\t\t\t<span class=\"elementor-button-content-wrapper\">\n\t\t\t\t\t\t\t\t\t<span class=\"elementor-button-text\">LinkedIn<\/span>\n\t\t\t\t\t<\/span>\n\t\t\t\t\t<\/a>\n\t\t\t\t<\/div>\n\t\t\t\t\t\t\t\t<\/div>\n\t\t\t\t<\/div>\n\t\t\t\t<div class=\"elementor-element elementor-element-d1ab0f1 elementor-widget elementor-widget-spacer\" data-id=\"d1ab0f1\" data-element_type=\"widget\" data-e-type=\"widget\" data-widget_type=\"spacer.default\">\n\t\t\t\t<div class=\"elementor-widget-container\">\n\t\t\t\t\t\t\t<div class=\"elementor-spacer\">\n\t\t\t<div class=\"elementor-spacer-inner\"><\/div>\n\t\t<\/div>\n\t\t\t\t\t\t<\/div>\n\t\t\t\t<\/div>\n\t\t\t\t\t<\/div>\n\t\t<\/div>\n\t\t\t\t<div class=\"has_eae_slider elementor-column elementor-col-33 elementor-top-column elementor-element elementor-element-ab28a3a\" data-eae-slider=\"74336\" data-id=\"ab28a3a\" data-element_type=\"column\" data-e-type=\"column\">\n\t\t\t<div class=\"elementor-widget-wrap elementor-element-populated\">\n\t\t\t\t\t\t<div class=\"elementor-element elementor-element-5581abe elementor-position-top elementor-widget elementor-widget-image-box\" data-id=\"5581abe\" data-element_type=\"widget\" data-e-type=\"widget\" data-widget_type=\"image-box.default\">\n\t\t\t\t<div class=\"elementor-widget-container\">\n\t\t\t\t\t<div class=\"elementor-image-box-wrapper\"><figure class=\"elementor-image-box-img\"><img  title=\"\" decoding=\"async\" width=\"4000\" height=\"4000\" src=\"https:\/\/didaxe.it\/wp-content\/uploads\/2021\/04\/pasquale.png\" class=\"attachment-full size-full wp-image-645\"  alt=\"pasquale Who we are\"  srcset=\"https:\/\/didaxe.it\/wp-content\/uploads\/2021\/04\/pasquale.png 4000w, https:\/\/didaxe.it\/wp-content\/uploads\/2021\/04\/pasquale-300x300.png 300w, https:\/\/didaxe.it\/wp-content\/uploads\/2021\/04\/pasquale-100x100.png 100w, https:\/\/didaxe.it\/wp-content\/uploads\/2021\/04\/pasquale-600x600.png 600w, https:\/\/didaxe.it\/wp-content\/uploads\/2021\/04\/pasquale-1024x1024.png 1024w, https:\/\/didaxe.it\/wp-content\/uploads\/2021\/04\/pasquale-150x150.png 150w, https:\/\/didaxe.it\/wp-content\/uploads\/2021\/04\/pasquale-768x768.png 768w, https:\/\/didaxe.it\/wp-content\/uploads\/2021\/04\/pasquale-1536x1536.png 1536w, https:\/\/didaxe.it\/wp-content\/uploads\/2021\/04\/pasquale-2048x2048.png 2048w, https:\/\/didaxe.it\/wp-content\/uploads\/2021\/04\/pasquale-12x12.png 12w, https:\/\/didaxe.it\/wp-content\/uploads\/2021\/04\/pasquale-24x24.png 24w, https:\/\/didaxe.it\/wp-content\/uploads\/2021\/04\/pasquale-36x36.png 36w, https:\/\/didaxe.it\/wp-content\/uploads\/2021\/04\/pasquale-48x48.png 48w\" sizes=\"(max-width: 4000px) 100vw, 4000px\" \/><\/figure><div class=\"elementor-image-box-content\"><h3 class=\"elementor-image-box-title\">Pasquale Verrengia<\/h3><p class=\"elementor-image-box-description\">Officine Didax\u00e9<\/p><\/div><\/div>\t\t\t\t<\/div>\n\t\t\t\t<\/div>\n\t\t\t\t<div class=\"elementor-element elementor-element-7f7bc6a elementor-widget elementor-widget-text-editor\" data-id=\"7f7bc6a\" data-element_type=\"widget\" data-e-type=\"widget\" data-widget_type=\"text-editor.default\">\n\t\t\t\t<div class=\"elementor-widget-container\">\n\t\t\t\t\t\t\t\t\t<p style=\"text-align: center;\"><a href=\"mailto:http:\/\/verrengiap@didaxe.it4\">verrengiap@didaxe.it<\/a><\/p>\t\t\t\t\t\t\t\t<\/div>\n\t\t\t\t<\/div>\n\t\t\t\t<div class=\"elementor-element elementor-element-22f6ee2 elementor-align-center elementor-widget elementor-widget-button\" data-id=\"22f6ee2\" data-element_type=\"widget\" data-e-type=\"widget\" data-widget_type=\"button.default\">\n\t\t\t\t<div class=\"elementor-widget-container\">\n\t\t\t\t\t\t\t\t\t<div class=\"elementor-button-wrapper\">\n\t\t\t\t\t<a class=\"elementor-button elementor-button-link elementor-size-sm\" href=\"#\">\n\t\t\t\t\t\t<span class=\"elementor-button-content-wrapper\">\n\t\t\t\t\t\t\t\t\t<span class=\"elementor-button-text\">LinkedIn<\/span>\n\t\t\t\t\t<\/span>\n\t\t\t\t\t<\/a>\n\t\t\t\t<\/div>\n\t\t\t\t\t\t\t\t<\/div>\n\t\t\t\t<\/div>\n\t\t\t\t\t<\/div>\n\t\t<\/div>\n\t\t\t\t\t<\/div>\n\t\t<\/section>\n\t\t\t\t<section class=\"has_eae_slider elementor-section elementor-top-section elementor-element elementor-element-07775db elementor-section-stretched elementor-section-boxed elementor-section-height-default elementor-section-height-default\" data-eae-slider=\"33320\" data-id=\"07775db\" data-element_type=\"section\" data-e-type=\"section\" data-settings=\"{&quot;stretch_section&quot;:&quot;section-stretched&quot;}\">\n\t\t\t\t\t\t<div class=\"elementor-container elementor-column-gap-default\">\n\t\t\t\t\t<div class=\"has_eae_slider elementor-column elementor-col-50 elementor-top-column elementor-element elementor-element-d47b2cc\" data-eae-slider=\"56460\" data-id=\"d47b2cc\" data-element_type=\"column\" data-e-type=\"column\">\n\t\t\t<div class=\"elementor-widget-wrap elementor-element-populated\">\n\t\t\t\t\t\t<div class=\"elementor-element elementor-element-6a797db elementor-position-top elementor-widget elementor-widget-image-box\" data-id=\"6a797db\" data-element_type=\"widget\" data-e-type=\"widget\" data-widget_type=\"image-box.default\">\n\t\t\t\t<div class=\"elementor-widget-container\">\n\t\t\t\t\t<div class=\"elementor-image-box-wrapper\"><figure class=\"elementor-image-box-img\"><img  title=\"\" loading=\"lazy\" decoding=\"async\" width=\"200\" height=\"200\" src=\"https:\/\/didaxe.it\/wp-content\/uploads\/2021\/04\/dani.png\" class=\"attachment-full size-full wp-image-644\"  alt=\"dani Who we are\"  srcset=\"https:\/\/didaxe.it\/wp-content\/uploads\/2021\/04\/dani.png 200w, https:\/\/didaxe.it\/wp-content\/uploads\/2021\/04\/dani-100x100.png 100w, https:\/\/didaxe.it\/wp-content\/uploads\/2021\/04\/dani-150x150.png 150w, https:\/\/didaxe.it\/wp-content\/uploads\/2021\/04\/dani-12x12.png 12w, https:\/\/didaxe.it\/wp-content\/uploads\/2021\/04\/dani-24x24.png 24w, https:\/\/didaxe.it\/wp-content\/uploads\/2021\/04\/dani-36x36.png 36w, https:\/\/didaxe.it\/wp-content\/uploads\/2021\/04\/dani-48x48.png 48w\" sizes=\"(max-width: 200px) 100vw, 200px\" \/><\/figure><div class=\"elementor-image-box-content\"><h3 class=\"elementor-image-box-title\">Daniele Consoli<\/h3><p class=\"elementor-image-box-description\">Network<\/p><\/div><\/div>\t\t\t\t<\/div>\n\t\t\t\t<\/div>\n\t\t\t\t<div class=\"elementor-element elementor-element-1233e26 elementor-widget elementor-widget-text-editor\" data-id=\"1233e26\" data-element_type=\"widget\" data-e-type=\"widget\" data-widget_type=\"text-editor.default\">\n\t\t\t\t<div class=\"elementor-widget-container\">\n\t\t\t\t\t\t\t\t\t<p style=\"text-align: center;\"><a href=\"mailto:consolid@didaxe.it\">consolid@didaxe.it<\/a><\/p>\t\t\t\t\t\t\t\t<\/div>\n\t\t\t\t<\/div>\n\t\t\t\t<div class=\"elementor-element elementor-element-032ffe0 elementor-align-center elementor-widget elementor-widget-button\" data-id=\"032ffe0\" data-element_type=\"widget\" data-e-type=\"widget\" data-widget_type=\"button.default\">\n\t\t\t\t<div class=\"elementor-widget-container\">\n\t\t\t\t\t\t\t\t\t<div class=\"elementor-button-wrapper\">\n\t\t\t\t\t<a class=\"elementor-button elementor-button-link elementor-size-sm\" href=\"https:\/\/it.linkedin.com\/in\/daniele-consoli\/\" target=\"_blank\">\n\t\t\t\t\t\t<span class=\"elementor-button-content-wrapper\">\n\t\t\t\t\t\t\t\t\t<span class=\"elementor-button-text\">LinkedIn<\/span>\n\t\t\t\t\t<\/span>\n\t\t\t\t\t<\/a>\n\t\t\t\t<\/div>\n\t\t\t\t\t\t\t\t<\/div>\n\t\t\t\t<\/div>\n\t\t\t\t\t<\/div>\n\t\t<\/div>\n\t\t\t\t<div class=\"has_eae_slider elementor-column elementor-col-50 elementor-top-column elementor-element elementor-element-f0d9c24\" data-eae-slider=\"88198\" data-id=\"f0d9c24\" data-element_type=\"column\" data-e-type=\"column\">\n\t\t\t<div class=\"elementor-widget-wrap elementor-element-populated\">\n\t\t\t\t\t\t<div class=\"elementor-element elementor-element-691651d elementor-position-top elementor-widget elementor-widget-image-box\" data-id=\"691651d\" data-element_type=\"widget\" data-e-type=\"widget\" data-widget_type=\"image-box.default\">\n\t\t\t\t<div class=\"elementor-widget-container\">\n\t\t\t\t\t<div class=\"elementor-image-box-wrapper\"><figure class=\"elementor-image-box-img\"><img  title=\"\" loading=\"lazy\" decoding=\"async\" width=\"200\" height=\"200\" src=\"https:\/\/didaxe.it\/wp-content\/uploads\/2021\/04\/francesco.png\" class=\"attachment-full size-full wp-image-643\"  alt=\"francesco Who we are\"  srcset=\"https:\/\/didaxe.it\/wp-content\/uploads\/2021\/04\/francesco.png 200w, https:\/\/didaxe.it\/wp-content\/uploads\/2021\/04\/francesco-100x100.png 100w, https:\/\/didaxe.it\/wp-content\/uploads\/2021\/04\/francesco-150x150.png 150w, https:\/\/didaxe.it\/wp-content\/uploads\/2021\/04\/francesco-12x12.png 12w, https:\/\/didaxe.it\/wp-content\/uploads\/2021\/04\/francesco-24x24.png 24w, https:\/\/didaxe.it\/wp-content\/uploads\/2021\/04\/francesco-36x36.png 36w, https:\/\/didaxe.it\/wp-content\/uploads\/2021\/04\/francesco-48x48.png 48w\" sizes=\"(max-width: 200px) 100vw, 200px\" \/><\/figure><div class=\"elementor-image-box-content\"><h3 class=\"elementor-image-box-title\">Francesco Lisciandra\u200b<\/h3><p class=\"elementor-image-box-description\">Logistica e comunicazione<\/p><\/div><\/div>\t\t\t\t<\/div>\n\t\t\t\t<\/div>\n\t\t\t\t<div class=\"elementor-element elementor-element-2998145 elementor-widget elementor-widget-text-editor\" data-id=\"2998145\" data-element_type=\"widget\" data-e-type=\"widget\" data-widget_type=\"text-editor.default\">\n\t\t\t\t<div class=\"elementor-widget-container\">\n\t\t\t\t\t\t\t\t\t<p style=\"text-align: center;\"><a href=\"mailto:lisciandraf@didaxe.it\">lisciandraf@didaxe.it<\/a><\/p>\t\t\t\t\t\t\t\t<\/div>\n\t\t\t\t<\/div>\n\t\t\t\t<div class=\"elementor-element elementor-element-206e404 elementor-align-center elementor-widget elementor-widget-button\" data-id=\"206e404\" data-element_type=\"widget\" data-e-type=\"widget\" data-widget_type=\"button.default\">\n\t\t\t\t<div class=\"elementor-widget-container\">\n\t\t\t\t\t\t\t\t\t<div class=\"elementor-button-wrapper\">\n\t\t\t\t\t<a class=\"elementor-button elementor-button-link elementor-size-sm\" href=\"https:\/\/it.linkedin.com\/in\/francesco-lisciandra-0508b3166\/\" target=\"_blank\">\n\t\t\t\t\t\t<span class=\"elementor-button-content-wrapper\">\n\t\t\t\t\t\t\t\t\t<span class=\"elementor-button-text\">LinkedIn<\/span>\n\t\t\t\t\t<\/span>\n\t\t\t\t\t<\/a>\n\t\t\t\t<\/div>\n\t\t\t\t\t\t\t\t<\/div>\n\t\t\t\t<\/div>\n\t\t\t\t\t<\/div>\n\t\t<\/div>\n\t\t\t\t\t<\/div>\n\t\t<\/section>\n\t\t\t\t<\/div>","protected":false},"excerpt":{"rendered":"<p>About Didax\u00e9 DIDAX\u00c9 is a young and dynamic training agency. We aim at promoting innovative and qualitative vocational programmes, valuable to participants of all ages, Italian and from abroad, whether students or teachers\/trainers, and accessible through various funding sources. Didax\u00e9 was founded in 2016, as an association named Tellus Italy, being part of the Tellus [&hellip;]<\/p>\n","protected":false},"author":1,"featured_media":0,"parent":0,"menu_order":0,"comment_status":"closed","ping_status":"closed","template":"","meta":{"zakra_page_container_layout":"customizer","zakra_page_sidebar_layout":"customizer","zakra_remove_content_margin":false,"zakra_sidebar":"customizer","zakra_transparent_header":"customizer","zakra_logo":0,"zakra_main_header_style":"default","zakra_menu_item_color":"","zakra_menu_item_hover_color":"","zakra_menu_item_active_color":"","zakra_menu_active_style":"","zakra_page_header":true,"footnotes":""},"class_list":["post-430","page","type-page","status-publish","hentry"],"aioseo_notices":[],"_links":{"self":[{"href":"https:\/\/didaxe.it\/it\/wp-json\/wp\/v2\/pages\/430","targetHints":{"allow":["GET"]}}],"collection":[{"href":"https:\/\/didaxe.it\/it\/wp-json\/wp\/v2\/pages"}],"about":[{"href":"https:\/\/didaxe.it\/it\/wp-json\/wp\/v2\/types\/page"}],"author":[{"embeddable":true,"href":"https:\/\/didaxe.it\/it\/wp-json\/wp\/v2\/users\/1"}],"replies":[{"embeddable":true,"href":"https:\/\/didaxe.it\/it\/wp-json\/wp\/v2\/comments?post=430"}],"version-history":[{"count":154,"href":"https:\/\/didaxe.it\/it\/wp-json\/wp\/v2\/pages\/430\/revisions"}],"predecessor-version":[{"id":6287,"href":"https:\/\/didaxe.it\/it\/wp-json\/wp\/v2\/pages\/430\/revisions\/6287"}],"wp:attachment":[{"href":"https:\/\/didaxe.it\/it\/wp-json\/wp\/v2\/media?parent=430"}],"curies":[{"name":"wp","href":"https:\/\/api.w.org\/{rel}","templated":true}]}}