{"id":2,"date":"2021-03-19T18:01:09","date_gmt":"2021-03-19T18:01:09","guid":{"rendered":"http:\/\/new.didaxe.it\/?page_id=2"},"modified":"2026-01-16T14:42:56","modified_gmt":"2026-01-16T14:42:56","slug":"sample-page","status":"publish","type":"page","link":"https:\/\/didaxe.it\/it\/","title":{"rendered":""},"content":{"rendered":"<div data-elementor-type=\"wp-page\" data-elementor-id=\"2\" class=\"elementor elementor-2\">\n\t\t\t\t\t\t<section class=\"has_eae_slider elementor-section elementor-top-section elementor-element elementor-element-7449152 elementor-section-stretched elementor-section-height-full elementor-section-boxed elementor-section-height-default elementor-section-items-middle\" data-eae-slider=\"60455\" data-id=\"7449152\" data-element_type=\"section\" data-e-type=\"section\" data-settings=\"{&quot;stretch_section&quot;:&quot;section-stretched&quot;}\">\n\t\t\t\t\t\t<div class=\"elementor-container elementor-column-gap-default\">\n\t\t\t\t\t<div class=\"has_eae_slider elementor-column elementor-col-100 elementor-top-column elementor-element elementor-element-35f77b6\" data-eae-slider=\"27485\" data-id=\"35f77b6\" data-element_type=\"column\" data-e-type=\"column\">\n\t\t\t<div class=\"elementor-widget-wrap elementor-element-populated\">\n\t\t\t\t\t\t<div class=\"elementor-element elementor-element-2a64416 elementor-widget-divider--view-line elementor-widget elementor-widget-divider\" data-id=\"2a64416\" data-element_type=\"widget\" data-e-type=\"widget\" data-widget_type=\"divider.default\">\n\t\t\t\t<div class=\"elementor-widget-container\">\n\t\t\t\t\t\t\t<div class=\"elementor-divider\">\n\t\t\t<span class=\"elementor-divider-separator\">\n\t\t\t\t\t\t<\/span>\n\t\t<\/div>\n\t\t\t\t\t\t<\/div>\n\t\t\t\t<\/div>\n\t\t\t\t\t<\/div>\n\t\t<\/div>\n\t\t\t\t\t<\/div>\n\t\t<\/section>\n\t\t\t\t<section class=\"has_eae_slider elementor-section elementor-top-section elementor-element elementor-element-caf2615 elementor-section-boxed elementor-section-height-default elementor-section-height-default\" data-eae-slider=\"80138\" data-id=\"caf2615\" data-element_type=\"section\" data-e-type=\"section\">\n\t\t\t\t\t\t<div class=\"elementor-container elementor-column-gap-default\">\n\t\t\t\t\t<div class=\"has_eae_slider elementor-column elementor-col-100 elementor-top-column elementor-element elementor-element-5bfc057\" data-eae-slider=\"67689\" data-id=\"5bfc057\" data-element_type=\"column\" data-e-type=\"column\">\n\t\t\t<div class=\"elementor-widget-wrap elementor-element-populated\">\n\t\t\t\t\t\t<div class=\"elementor-element elementor-element-6232f14 elementor-widget elementor-widget-heading\" data-id=\"6232f14\" data-element_type=\"widget\" data-e-type=\"widget\" data-widget_type=\"heading.default\">\n\t\t\t\t<div class=\"elementor-widget-container\">\n\t\t\t\t\t<h2 class=\"elementor-heading-title elementor-size-default\">Chi siamo<\/h2>\t\t\t\t<\/div>\n\t\t\t\t<\/div>\n\t\t\t\t\t<\/div>\n\t\t<\/div>\n\t\t\t\t\t<\/div>\n\t\t<\/section>\n\t\t\t\t<section class=\"has_eae_slider elementor-section elementor-top-section elementor-element elementor-element-35dd4e0 elementor-section-full_width elementor-section-stretched elementor-section-height-default elementor-section-height-default\" data-eae-slider=\"51049\" data-id=\"35dd4e0\" data-element_type=\"section\" data-e-type=\"section\" data-settings=\"{&quot;stretch_section&quot;:&quot;section-stretched&quot;}\">\n\t\t\t\t\t\t<div class=\"elementor-container elementor-column-gap-default\">\n\t\t\t\t\t<div class=\"has_eae_slider elementor-column elementor-col-100 elementor-top-column elementor-element elementor-element-96d9842\" data-eae-slider=\"36779\" data-id=\"96d9842\" data-element_type=\"column\" data-e-type=\"column\">\n\t\t\t<div class=\"elementor-widget-wrap elementor-element-populated\">\n\t\t\t\t\t\t<div class=\"elementor-element elementor-element-be01c71 elementor-widget elementor-widget-image\" data-id=\"be01c71\" data-element_type=\"widget\" data-e-type=\"widget\" data-widget_type=\"image.default\">\n\t\t\t\t<div class=\"elementor-widget-container\">\n\t\t\t\t\t\t\t\t\t\t\t\t\t\t\t<img  title=\"\" fetchpriority=\"high\" decoding=\"async\" width=\"1080\" height=\"357\" src=\"https:\/\/didaxe.it\/wp-content\/uploads\/2024\/09\/who.png\" class=\"attachment-2048x2048 size-2048x2048 wp-image-5932\"  alt=\"who \"  srcset=\"https:\/\/didaxe.it\/wp-content\/uploads\/2024\/09\/who.png 1080w, https:\/\/didaxe.it\/wp-content\/uploads\/2024\/09\/who-300x99.png 300w, https:\/\/didaxe.it\/wp-content\/uploads\/2024\/09\/who-1024x338.png 1024w, https:\/\/didaxe.it\/wp-content\/uploads\/2024\/09\/who-768x254.png 768w, https:\/\/didaxe.it\/wp-content\/uploads\/2024\/09\/who-18x6.png 18w, https:\/\/didaxe.it\/wp-content\/uploads\/2024\/09\/who-24x8.png 24w, https:\/\/didaxe.it\/wp-content\/uploads\/2024\/09\/who-36x12.png 36w, https:\/\/didaxe.it\/wp-content\/uploads\/2024\/09\/who-48x16.png 48w\" sizes=\"(max-width: 1080px) 100vw, 1080px\" \/>\t\t\t\t\t\t\t\t\t\t\t\t\t\t\t<\/div>\n\t\t\t\t<\/div>\n\t\t\t\t<div class=\"elementor-element elementor-element-c5c88d5 elementor-align-center elementor-widget elementor-widget-button\" data-id=\"c5c88d5\" data-element_type=\"widget\" data-e-type=\"widget\" data-widget_type=\"button.default\">\n\t\t\t\t<div class=\"elementor-widget-container\">\n\t\t\t\t\t\t\t\t\t<div class=\"elementor-button-wrapper\">\n\t\t\t\t\t<a class=\"elementor-button elementor-button-link elementor-size-sm\" href=\"https:\/\/didaxe.it\/it\/who-we-are\/\">\n\t\t\t\t\t\t<span class=\"elementor-button-content-wrapper\">\n\t\t\t\t\t\t\t\t\t<span class=\"elementor-button-text\">Scopri di pi\u00f9<\/span>\n\t\t\t\t\t<\/span>\n\t\t\t\t\t<\/a>\n\t\t\t\t<\/div>\n\t\t\t\t\t\t\t\t<\/div>\n\t\t\t\t<\/div>\n\t\t\t\t<div class=\"elementor-element elementor-element-df29f03 elementor-widget-divider--view-line elementor-widget elementor-widget-divider\" data-id=\"df29f03\" data-element_type=\"widget\" data-e-type=\"widget\" data-widget_type=\"divider.default\">\n\t\t\t\t<div class=\"elementor-widget-container\">\n\t\t\t\t\t\t\t<div class=\"elementor-divider\">\n\t\t\t<span class=\"elementor-divider-separator\">\n\t\t\t\t\t\t<\/span>\n\t\t<\/div>\n\t\t\t\t\t\t<\/div>\n\t\t\t\t<\/div>\n\t\t\t\t<div class=\"elementor-element elementor-element-07632f6 elementor-widget elementor-widget-heading\" data-id=\"07632f6\" data-element_type=\"widget\" data-e-type=\"widget\" data-widget_type=\"heading.default\">\n\t\t\t\t<div class=\"elementor-widget-container\">\n\t\t\t\t\t<h2 class=\"elementor-heading-title elementor-size-default\">Le nostre attivit\u00e0<\/h2>\t\t\t\t<\/div>\n\t\t\t\t<\/div>\n\t\t\t\t<div class=\"elementor-element elementor-element-01526eb elementor-widget elementor-widget-text-editor\" data-id=\"01526eb\" data-element_type=\"widget\" data-e-type=\"widget\" data-widget_type=\"text-editor.default\">\n\t\t\t\t<div class=\"elementor-widget-container\">\n\t\t\t\t\t\t\t\t\t<p>Didax\u00e9 promuove diversi servizi e attivit\u00e0 in differenti settori e regioni d'Italia.<\/p>\t\t\t\t\t\t\t\t<\/div>\n\t\t\t\t<\/div>\n\t\t\t\t\t<\/div>\n\t\t<\/div>\n\t\t\t\t\t<\/div>\n\t\t<\/section>\n\t\t\t\t<section class=\"has_eae_slider elementor-section elementor-top-section elementor-element elementor-element-dce2e7a elementor-section-stretched elementor-section-boxed elementor-section-height-default elementor-section-height-default\" data-eae-slider=\"47781\" data-id=\"dce2e7a\" data-element_type=\"section\" data-e-type=\"section\" data-settings=\"{&quot;stretch_section&quot;:&quot;section-stretched&quot;}\">\n\t\t\t\t\t\t<div class=\"elementor-container elementor-column-gap-default\">\n\t\t\t\t\t<div class=\"has_eae_slider make-column-clickable-elementor elementor-column elementor-col-50 elementor-top-column elementor-element elementor-element-746b484\" data-eae-slider=\"90872\" style=\"cursor: pointer;\" data-column-clickable=\"https:\/\/didaxe.it\/erasmus-plus-consortium\" data-column-clickable-blank=\"_self\" data-id=\"746b484\" data-element_type=\"column\" data-e-type=\"column\">\n\t\t\t<div class=\"elementor-widget-wrap elementor-element-populated\">\n\t\t\t\t\t\t<div class=\"elementor-element elementor-element-e2e1133 elementor-view-default elementor-position-block-start elementor-mobile-position-block-start elementor-widget elementor-widget-icon-box\" data-id=\"e2e1133\" data-element_type=\"widget\" data-e-type=\"widget\" data-widget_type=\"icon-box.default\">\n\t\t\t\t<div class=\"elementor-widget-container\">\n\t\t\t\t\t\t\t<div class=\"elementor-icon-box-wrapper\">\n\n\t\t\t\t\t\t<div class=\"elementor-icon-box-icon\">\n\t\t\t\t<a href=\"https:\/\/didaxe.it\/it\/torino\/\" class=\"elementor-icon\" tabindex=\"-1\" aria-label=\"Didax\u00e9 Torino\">\n\t\t\t\t<i aria-hidden=\"true\" class=\"fas fa-toolbox\"><\/i>\t\t\t\t<\/a>\n\t\t\t<\/div>\n\t\t\t\n\t\t\t\t\t\t<div class=\"elementor-icon-box-content\">\n\n\t\t\t\t\t\t\t\t\t<h3 class=\"elementor-icon-box-title\">\n\t\t\t\t\t\t<a href=\"https:\/\/didaxe.it\/it\/torino\/\" >\n\t\t\t\t\t\t\tDidax\u00e9 Torino\t\t\t\t\t\t<\/a>\n\t\t\t\t\t<\/h3>\n\t\t\t\t\n\t\t\t\t\t\t\t\t\t<p class=\"elementor-icon-box-description\">\n\t\t\t\t\t\tDidax\u00e9 Torino is partner in many Erasmus Plus Projects, through which we are able to offer training opportunities to students and trainers from all over Europe.\n\t\t\t\t\t<\/p>\n\t\t\t\t\n\t\t\t<\/div>\n\t\t\t\n\t\t<\/div>\n\t\t\t\t\t\t<\/div>\n\t\t\t\t<\/div>\n\t\t\t\t\t<\/div>\n\t\t<\/div>\n\t\t\t\t<div class=\"has_eae_slider make-column-clickable-elementor elementor-column elementor-col-50 elementor-top-column elementor-element elementor-element-d84efc4\" data-eae-slider=\"40324\" style=\"cursor: pointer;\" data-column-clickable=\"https:\/\/didaxe.it\/erasmus-plus\" data-column-clickable-blank=\"_self\" data-id=\"d84efc4\" data-element_type=\"column\" data-e-type=\"column\">\n\t\t\t<div class=\"elementor-widget-wrap elementor-element-populated\">\n\t\t\t\t\t\t<div class=\"elementor-element elementor-element-9a9db33 elementor-view-default elementor-position-block-start elementor-mobile-position-block-start elementor-widget elementor-widget-icon-box\" data-id=\"9a9db33\" data-element_type=\"widget\" data-e-type=\"widget\" data-widget_type=\"icon-box.default\">\n\t\t\t\t<div class=\"elementor-widget-container\">\n\t\t\t\t\t\t\t<div class=\"elementor-icon-box-wrapper\">\n\n\t\t\t\t\t\t<div class=\"elementor-icon-box-icon\">\n\t\t\t\t<a href=\"https:\/\/didaxe.it\/it\/caserta\/\" class=\"elementor-icon\" tabindex=\"-1\" aria-label=\"Didax\u00e9 Caserta\">\n\t\t\t\t<i aria-hidden=\"true\" class=\"fas fa-network-wired\"><\/i>\t\t\t\t<\/a>\n\t\t\t<\/div>\n\t\t\t\n\t\t\t\t\t\t<div class=\"elementor-icon-box-content\">\n\n\t\t\t\t\t\t\t\t\t<h3 class=\"elementor-icon-box-title\">\n\t\t\t\t\t\t<a href=\"https:\/\/didaxe.it\/it\/caserta\/\" >\n\t\t\t\t\t\t\tDidax\u00e9 Caserta\t\t\t\t\t\t<\/a>\n\t\t\t\t\t<\/h3>\n\t\t\t\t\n\t\t\t\t\t\t\t\t\t<p class=\"elementor-icon-box-description\">\n\t\t\t\t\t\tSince his opening in 2021, Didax\u00e9 Caserta has been offering training courses and activities to adults of the casertan area, mainly unemployed or from different disadvantaged categories.\t\t\t\t\t<\/p>\n\t\t\t\t\n\t\t\t<\/div>\n\t\t\t\n\t\t<\/div>\n\t\t\t\t\t\t<\/div>\n\t\t\t\t<\/div>\n\t\t\t\t\t<\/div>\n\t\t<\/div>\n\t\t\t\t\t<\/div>\n\t\t<\/section>\n\t\t\t\t<section class=\"has_eae_slider elementor-section elementor-top-section elementor-element elementor-element-d1b379a elementor-section-stretched elementor-section-boxed elementor-section-height-default elementor-section-height-default\" data-eae-slider=\"71065\" data-id=\"d1b379a\" data-element_type=\"section\" data-e-type=\"section\" data-settings=\"{&quot;stretch_section&quot;:&quot;section-stretched&quot;}\">\n\t\t\t\t\t\t<div class=\"elementor-container elementor-column-gap-default\">\n\t\t\t\t\t<div class=\"has_eae_slider make-column-clickable-elementor elementor-column elementor-col-50 elementor-top-column elementor-element elementor-element-f064193\" data-eae-slider=\"31718\" style=\"cursor: pointer;\" data-column-clickable=\"https:\/\/fad.didaxe.it\/\" data-column-clickable-blank=\"_self\" data-id=\"f064193\" data-element_type=\"column\" data-e-type=\"column\">\n\t\t\t<div class=\"elementor-widget-wrap elementor-element-populated\">\n\t\t\t\t\t\t<div class=\"elementor-element elementor-element-0091e85 elementor-view-default elementor-position-block-start elementor-mobile-position-block-start elementor-widget elementor-widget-icon-box\" data-id=\"0091e85\" data-element_type=\"widget\" data-e-type=\"widget\" data-widget_type=\"icon-box.default\">\n\t\t\t\t<div class=\"elementor-widget-container\">\n\t\t\t\t\t\t\t<div class=\"elementor-icon-box-wrapper\">\n\n\t\t\t\t\t\t<div class=\"elementor-icon-box-icon\">\n\t\t\t\t<a href=\"https:\/\/officine.didaxe.it\/\" class=\"elementor-icon\" tabindex=\"-1\" aria-label=\"Officine Didax\u00e9\">\n\t\t\t\t<i aria-hidden=\"true\" class=\"fas fa-city\"><\/i>\t\t\t\t<\/a>\n\t\t\t<\/div>\n\t\t\t\n\t\t\t\t\t\t<div class=\"elementor-icon-box-content\">\n\n\t\t\t\t\t\t\t\t\t<h3 class=\"elementor-icon-box-title\">\n\t\t\t\t\t\t<a href=\"https:\/\/officine.didaxe.it\/\" >\n\t\t\t\t\t\t\tOfficine Didax\u00e9\t\t\t\t\t\t<\/a>\n\t\t\t\t\t<\/h3>\n\t\t\t\t\n\t\t\t\t\t\t\t\t\t<p class=\"elementor-icon-box-description\">\n\t\t\t\t\t\tOfficine Didax\u00e9 \u00e8 il nuovo Cellole Youth Centre. Un centro di aggregazione, crescita individuale e professionale per i giovani e per tutti i residenti della citt\u00e0 di Cellole e delle zone limitrofe.\t\t\t\t\t<\/p>\n\t\t\t\t\n\t\t\t<\/div>\n\t\t\t\n\t\t<\/div>\n\t\t\t\t\t\t<\/div>\n\t\t\t\t<\/div>\n\t\t\t\t\t<\/div>\n\t\t<\/div>\n\t\t\t\t<div class=\"has_eae_slider make-column-clickable-elementor elementor-column elementor-col-50 elementor-top-column elementor-element elementor-element-da6f6bf\" data-eae-slider=\"83383\" style=\"cursor: pointer;\" data-column-clickable=\"https:\/\/officine.didaxe.it\/\" data-column-clickable-blank=\"_self\" data-id=\"da6f6bf\" data-element_type=\"column\" data-e-type=\"column\">\n\t\t\t<div class=\"elementor-widget-wrap elementor-element-populated\">\n\t\t\t\t\t\t<div class=\"elementor-element elementor-element-3223e4f elementor-view-default elementor-position-block-start elementor-mobile-position-block-start elementor-widget elementor-widget-icon-box\" data-id=\"3223e4f\" data-element_type=\"widget\" data-e-type=\"widget\" data-widget_type=\"icon-box.default\">\n\t\t\t\t<div class=\"elementor-widget-container\">\n\t\t\t\t\t\t\t<div class=\"elementor-icon-box-wrapper\">\n\n\t\t\t\t\t\t<div class=\"elementor-icon-box-icon\">\n\t\t\t\t<a href=\"https:\/\/fad.didaxe.it\/\" class=\"elementor-icon\" tabindex=\"-1\" aria-label=\"Fad.Didax\u00e9\">\n\t\t\t\t<i aria-hidden=\"true\" class=\"fas fa-laptop\"><\/i>\t\t\t\t<\/a>\n\t\t\t<\/div>\n\t\t\t\n\t\t\t\t\t\t<div class=\"elementor-icon-box-content\">\n\n\t\t\t\t\t\t\t\t\t<h3 class=\"elementor-icon-box-title\">\n\t\t\t\t\t\t<a href=\"https:\/\/fad.didaxe.it\/\" >\n\t\t\t\t\t\t\tFad.Didax\u00e9\t\t\t\t\t\t<\/a>\n\t\t\t\t\t<\/h3>\n\t\t\t\t\n\t\t\t\t\t\t\t\t\t<p class=\"elementor-icon-box-description\">\n\t\t\t\t\t\tFad.Didaxe.it \u00e8 la nostra piattaforma di formazione online. Proponiamo corsi interattivi dedicati a giovani e meno giovani, con l'idea di utilizzare a pieno le potenzialit\u00e0 del mezzo digitale.\t\t\t\t\t<\/p>\n\t\t\t\t\n\t\t\t<\/div>\n\t\t\t\n\t\t<\/div>\n\t\t\t\t\t\t<\/div>\n\t\t\t\t<\/div>\n\t\t\t\t\t<\/div>\n\t\t<\/div>\n\t\t\t\t\t<\/div>\n\t\t<\/section>\n\t\t\t\t<section class=\"has_eae_slider elementor-section elementor-top-section elementor-element elementor-element-6480af3 elementor-section-stretched elementor-section-boxed elementor-section-height-default elementor-section-height-default\" data-eae-slider=\"13101\" data-id=\"6480af3\" data-element_type=\"section\" data-e-type=\"section\" data-settings=\"{&quot;stretch_section&quot;:&quot;section-stretched&quot;}\">\n\t\t\t\t\t\t<div class=\"elementor-container elementor-column-gap-default\">\n\t\t\t\t\t<div class=\"has_eae_slider elementor-column elementor-col-100 elementor-top-column elementor-element elementor-element-e852bda\" data-eae-slider=\"91458\" data-id=\"e852bda\" data-element_type=\"column\" data-e-type=\"column\">\n\t\t\t<div class=\"elementor-widget-wrap elementor-element-populated\">\n\t\t\t\t\t\t<div class=\"elementor-element elementor-element-f5c2a4b elementor-widget-divider--view-line elementor-widget elementor-widget-divider\" data-id=\"f5c2a4b\" data-element_type=\"widget\" data-e-type=\"widget\" data-widget_type=\"divider.default\">\n\t\t\t\t<div class=\"elementor-widget-container\">\n\t\t\t\t\t\t\t<div class=\"elementor-divider\">\n\t\t\t<span class=\"elementor-divider-separator\">\n\t\t\t\t\t\t<\/span>\n\t\t<\/div>\n\t\t\t\t\t\t<\/div>\n\t\t\t\t<\/div>\n\t\t\t\t\t<\/div>\n\t\t<\/div>\n\t\t\t\t\t<\/div>\n\t\t<\/section>\n\t\t\t\t<section class=\"has_eae_slider elementor-section elementor-top-section elementor-element elementor-element-3f730eb elementor-section-boxed elementor-section-height-default elementor-section-height-default\" data-eae-slider=\"67599\" data-id=\"3f730eb\" data-element_type=\"section\" data-e-type=\"section\">\n\t\t\t\t\t\t<div class=\"elementor-container elementor-column-gap-default\">\n\t\t\t\t\t\t<\/div>\n\t\t<\/section>\n\t\t\t\t<section class=\"has_eae_slider elementor-section elementor-top-section elementor-element elementor-element-37c46e1 elementor-section-boxed elementor-section-height-default elementor-section-height-default\" data-eae-slider=\"45876\" data-id=\"37c46e1\" data-element_type=\"section\" data-e-type=\"section\">\n\t\t\t\t\t\t<div class=\"elementor-container elementor-column-gap-default\">\n\t\t\t\t\t<div class=\"has_eae_slider elementor-column elementor-col-100 elementor-top-column elementor-element elementor-element-b1163b5\" data-eae-slider=\"84611\" data-id=\"b1163b5\" data-element_type=\"column\" data-e-type=\"column\">\n\t\t\t<div class=\"elementor-widget-wrap elementor-element-populated\">\n\t\t\t\t\t\t<div class=\"elementor-element elementor-element-4de9544 elementor-position-top elementor-widget elementor-widget-image-box\" data-id=\"4de9544\" data-element_type=\"widget\" data-e-type=\"widget\" data-widget_type=\"image-box.default\">\n\t\t\t\t<div class=\"elementor-widget-container\">\n\t\t\t\t\t<div class=\"elementor-image-box-wrapper\"><figure class=\"elementor-image-box-img\"><a href=\"https:\/\/eng.eu4eu.org\/\" tabindex=\"-1\"><img  title=\"\" decoding=\"async\" width=\"300\" height=\"300\" src=\"https:\/\/didaxe.it\/wp-content\/uploads\/2024\/01\/EU4EU_HOST_1-300x300.png\" class=\"attachment-medium size-medium wp-image-5529\"  alt=\"EU4EU_HOST_1-300x300 \"  srcset=\"https:\/\/didaxe.it\/wp-content\/uploads\/2024\/01\/EU4EU_HOST_1-300x300.png 300w, https:\/\/didaxe.it\/wp-content\/uploads\/2024\/01\/EU4EU_HOST_1-150x150.png 150w, https:\/\/didaxe.it\/wp-content\/uploads\/2024\/01\/EU4EU_HOST_1-12x12.png 12w, https:\/\/didaxe.it\/wp-content\/uploads\/2024\/01\/EU4EU_HOST_1-144x144.png 144w, https:\/\/didaxe.it\/wp-content\/uploads\/2024\/01\/EU4EU_HOST_1-24x24.png 24w, https:\/\/didaxe.it\/wp-content\/uploads\/2024\/01\/EU4EU_HOST_1-36x36.png 36w, https:\/\/didaxe.it\/wp-content\/uploads\/2024\/01\/EU4EU_HOST_1-48x48.png 48w, https:\/\/didaxe.it\/wp-content\/uploads\/2024\/01\/EU4EU_HOST_1.png 425w\" sizes=\"(max-width: 300px) 100vw, 300px\" \/><\/a><\/figure><div class=\"elementor-image-box-content\"><h3 class=\"elementor-image-box-title\"><a href=\"https:\/\/eng.eu4eu.org\/\">EU4EU HOST ORGANIZATION PARTNER<\/a><\/h3><p class=\"elementor-image-box-description\">Siamo felici di essere un'organizzazione ospitante della piattaforma EU4EU. Nei prossimi mesi ospiteremo diversi studenti e studentesse universitari\/e presso la nostra sede, Officine Didax\u00e9 a Cellole (CE).\n\nEU4EU \u00e8 una piattaforma che collega 46 universit\u00e0 europee ad grande una rete di aziende, con l'obiettivo di organizzare stage lavorativi. Tutte le borse di studio per gli stage sono finanziate dal Programma Erasmus+.<\/p><\/div><\/div>\t\t\t\t<\/div>\n\t\t\t\t<\/div>\n\t\t\t\t\t<\/div>\n\t\t<\/div>\n\t\t\t\t\t<\/div>\n\t\t<\/section>\n\t\t\t\t<section class=\"has_eae_slider elementor-section elementor-top-section elementor-element elementor-element-0e0a58d elementor-section-full_width elementor-section-stretched elementor-section-height-default elementor-section-height-default\" data-eae-slider=\"23735\" data-id=\"0e0a58d\" data-element_type=\"section\" data-e-type=\"section\" data-settings=\"{&quot;stretch_section&quot;:&quot;section-stretched&quot;}\">\n\t\t\t\t\t\t<div class=\"elementor-container elementor-column-gap-default\">\n\t\t\t\t\t<div class=\"has_eae_slider elementor-column elementor-col-100 elementor-top-column elementor-element elementor-element-ce1ac1e\" data-eae-slider=\"22624\" data-id=\"ce1ac1e\" data-element_type=\"column\" data-e-type=\"column\">\n\t\t\t<div class=\"elementor-widget-wrap elementor-element-populated\">\n\t\t\t\t\t\t<div class=\"elementor-element elementor-element-7853bd1 elementor-widget-divider--view-line elementor-widget elementor-widget-divider\" data-id=\"7853bd1\" data-element_type=\"widget\" data-e-type=\"widget\" data-widget_type=\"divider.default\">\n\t\t\t\t<div class=\"elementor-widget-container\">\n\t\t\t\t\t\t\t<div class=\"elementor-divider\">\n\t\t\t<span class=\"elementor-divider-separator\">\n\t\t\t\t\t\t<\/span>\n\t\t<\/div>\n\t\t\t\t\t\t<\/div>\n\t\t\t\t<\/div>\n\t\t\t\t<div class=\"elementor-element elementor-element-6e755e7 elementor-widget__width-inherit elementor-widget elementor-widget-wp-widget-mc4wp_form_widget\" data-id=\"6e755e7\" data-element_type=\"widget\" data-e-type=\"widget\" data-widget_type=\"wp-widget-mc4wp_form_widget.default\">\n\t\t\t\t<div class=\"elementor-widget-container\">\n\t\t\t\t\t<h5>Newsletter<\/h5><script>(function() {\n\twindow.mc4wp = window.mc4wp || {\n\t\tlisteners: [],\n\t\tforms: {\n\t\t\ton: function(evt, cb) {\n\t\t\t\twindow.mc4wp.listeners.push(\n\t\t\t\t\t{\n\t\t\t\t\t\tevent   : evt,\n\t\t\t\t\t\tcallback: cb\n\t\t\t\t\t}\n\t\t\t\t);\n\t\t\t}\n\t\t}\n\t}\n})();\n<\/script><!-- Mailchimp for WordPress v4.12.1 - https:\/\/wordpress.org\/plugins\/mailchimp-for-wp\/ --><form id=\"mc4wp-form-1\" class=\"mc4wp-form mc4wp-form-863 mc4wp-form-basic\" method=\"post\" data-id=\"863\" data-name=\"\" action=\"\" ><div class=\"mc4wp-form-fields\">  <center>\r\n<div id=\"formss\">\r\n  \r\n\r\n    <p>\r\n    <input type=\"email\" name=\"EMAIL\" placeholder=\"Surname\" required=\"\">\r\n<\/p>\r\n<p>\r\n    <input type=\"email\" name=\"EMAIL\" placeholder=\"Name\" required=\"\">\r\n<\/p>\r\n<p>\r\n    <input type=\"email\" name=\"EMAIL\" placeholder=\"EMAIL\" required=\"\">\r\n<\/p>\r\n<p>\r\n    <input id=\"buttonw\" type=\"submit\" value=\"Subscribe\">\r\n<\/p>\r\n\r\n  <\/div>\r\n<\/div><label style=\"display: none !important;\">Lascia questo campo vuoto se sei umano: <input type=\"text\" name=\"_mc4wp_honeypot\" value=\"\" tabindex=\"-1\" autocomplete=\"off\" \/><\/label><input type=\"hidden\" name=\"_mc4wp_timestamp\" value=\"1776700210\" \/><input type=\"hidden\" name=\"_mc4wp_form_id\" value=\"863\" \/><input type=\"hidden\" name=\"_mc4wp_form_element_id\" value=\"mc4wp-form-1\" \/><div class=\"mc4wp-response\"><\/div><input type=\"hidden\" name=\"trp-form-language\" value=\"it\"\/><\/form><!-- \/ Mailchimp for WordPress Plugin -->\t\t\t\t<\/div>\n\t\t\t\t<\/div>\n\t\t\t\t\t<\/div>\n\t\t<\/div>\n\t\t\t\t\t<\/div>\n\t\t<\/section>\n\t\t\t\t<section class=\"has_eae_slider elementor-section elementor-top-section elementor-element elementor-element-6cca7d1 elementor-section-boxed elementor-section-height-default elementor-section-height-default\" data-eae-slider=\"82553\" data-id=\"6cca7d1\" data-element_type=\"section\" data-e-type=\"section\">\n\t\t\t\t\t\t<div class=\"elementor-container elementor-column-gap-default\">\n\t\t\t\t\t\t<\/div>\n\t\t<\/section>\n\t\t\t\t<\/div>","protected":false},"excerpt":{"rendered":"<p>Who we are Read More Our activities Didax\u00e9 provides a number of services and activities in different sectors and regions in Italy. Didax\u00e9 Torino Didax\u00e9 Torino is partner in many Erasmus Plus Projects, through which we are able to offer training opportunities to students and trainers from all over Europe. Didax\u00e9 Caserta Since his opening [&hellip;]<\/p>\n","protected":false},"author":1,"featured_media":0,"parent":0,"menu_order":0,"comment_status":"closed","ping_status":"closed","template":"","meta":{"zakra_page_container_layout":"stretched","zakra_page_sidebar_layout":"no_sidebar","zakra_remove_content_margin":true,"zakra_sidebar":"customizer","zakra_transparent_header":"1","zakra_logo":0,"zakra_main_header_style":"zak-layout-1-style-1","zakra_menu_item_color":"","zakra_menu_item_hover_color":"","zakra_menu_item_active_color":"","zakra_menu_active_style":"style-1","zakra_page_header":false,"footnotes":""},"class_list":["post-2","page","type-page","status-publish","hentry"],"aioseo_notices":[],"_links":{"self":[{"href":"https:\/\/didaxe.it\/it\/wp-json\/wp\/v2\/pages\/2","targetHints":{"allow":["GET"]}}],"collection":[{"href":"https:\/\/didaxe.it\/it\/wp-json\/wp\/v2\/pages"}],"about":[{"href":"https:\/\/didaxe.it\/it\/wp-json\/wp\/v2\/types\/page"}],"author":[{"embeddable":true,"href":"https:\/\/didaxe.it\/it\/wp-json\/wp\/v2\/users\/1"}],"replies":[{"embeddable":true,"href":"https:\/\/didaxe.it\/it\/wp-json\/wp\/v2\/comments?post=2"}],"version-history":[{"count":737,"href":"https:\/\/didaxe.it\/it\/wp-json\/wp\/v2\/pages\/2\/revisions"}],"predecessor-version":[{"id":6399,"href":"https:\/\/didaxe.it\/it\/wp-json\/wp\/v2\/pages\/2\/revisions\/6399"}],"wp:attachment":[{"href":"https:\/\/didaxe.it\/it\/wp-json\/wp\/v2\/media?parent=2"}],"curies":[{"name":"wp","href":"https:\/\/api.w.org\/{rel}","templated":true}]}}