{"id":1508,"date":"2021-05-14T17:04:50","date_gmt":"2021-05-14T17:04:50","guid":{"rendered":"https:\/\/didaxe.it\/?page_id=1508"},"modified":"2021-05-14T17:07:47","modified_gmt":"2021-05-14T17:07:47","slug":"gustavo-meltzeid-di-federica-vendrame","status":"publish","type":"page","link":"https:\/\/didaxe.it\/it\/gustavo-meltzeid-di-federica-vendrame","title":{"rendered":""},"content":{"rendered":"\t\t<div data-elementor-type=\"wp-page\" data-elementor-id=\"1508\" class=\"elementor elementor-1508\">\n\t\t\t\t\t\t<section class=\"has_eae_slider elementor-section elementor-top-section elementor-element elementor-element-07da81b elementor-section-stretched elementor-section-boxed elementor-section-height-default elementor-section-height-default\" data-eae-slider=\"67800\" data-id=\"07da81b\" data-element_type=\"section\" data-e-type=\"section\" data-settings=\"{&quot;stretch_section&quot;:&quot;section-stretched&quot;}\">\n\t\t\t\t\t\t<div class=\"elementor-container elementor-column-gap-default\">\n\t\t\t\t\t<div class=\"has_eae_slider elementor-column elementor-col-100 elementor-top-column elementor-element elementor-element-59e00d1\" data-eae-slider=\"16635\" data-id=\"59e00d1\" data-element_type=\"column\" data-e-type=\"column\">\n\t\t\t<div class=\"elementor-widget-wrap elementor-element-populated\">\n\t\t\t\t\t\t<div class=\"elementor-element elementor-element-0d6916a elementor-widget elementor-widget-heading\" data-id=\"0d6916a\" data-element_type=\"widget\" data-e-type=\"widget\" data-widget_type=\"heading.default\">\n\t\t\t\t<div class=\"elementor-widget-container\">\n\t\t\t\t\t<h2 class=\"elementor-heading-title elementor-size-default\">Gustavo Meltzeid<br>\ndi Federica Vendrame<\/h2>\t\t\t\t<\/div>\n\t\t\t\t<\/div>\n\t\t\t\t\t<\/div>\n\t\t<\/div>\n\t\t\t\t\t<\/div>\n\t\t<\/section>\n\t\t\t\t<section class=\"has_eae_slider elementor-section elementor-top-section elementor-element elementor-element-0756f4a elementor-section-stretched elementor-section-boxed elementor-section-height-default elementor-section-height-default\" data-eae-slider=\"88440\" data-id=\"0756f4a\" data-element_type=\"section\" data-e-type=\"section\" data-settings=\"{&quot;stretch_section&quot;:&quot;section-stretched&quot;}\">\n\t\t\t\t\t\t<div class=\"elementor-container elementor-column-gap-default\">\n\t\t\t\t\t<div class=\"has_eae_slider elementor-column elementor-col-50 elementor-top-column elementor-element elementor-element-00464e1\" data-eae-slider=\"38544\" data-id=\"00464e1\" data-element_type=\"column\" data-e-type=\"column\">\n\t\t\t<div class=\"elementor-widget-wrap elementor-element-populated\">\n\t\t\t\t\t\t<div class=\"elementor-element elementor-element-7d8a7c9 elementor-widget elementor-widget-image\" data-id=\"7d8a7c9\" data-element_type=\"widget\" data-e-type=\"widget\" data-widget_type=\"image.default\">\n\t\t\t\t<div class=\"elementor-widget-container\">\n\t\t\t\t\t\t\t\t\t\t\t\t\t\t\t<img  title=\"\" fetchpriority=\"high\" decoding=\"async\" width=\"300\" height=\"300\" src=\"https:\/\/didaxe.it\/wp-content\/uploads\/2021\/05\/Kurt-Gerron1-300x300.png\" class=\"attachment-medium size-medium wp-image-1511\"  alt=\"Kurt-Gerron1-300x300 \"  srcset=\"https:\/\/didaxe.it\/wp-content\/uploads\/2021\/05\/Kurt-Gerron1-300x300.png 300w, https:\/\/didaxe.it\/wp-content\/uploads\/2021\/05\/Kurt-Gerron1-100x100.png 100w, https:\/\/didaxe.it\/wp-content\/uploads\/2021\/05\/Kurt-Gerron1-150x150.png 150w, https:\/\/didaxe.it\/wp-content\/uploads\/2021\/05\/Kurt-Gerron1-12x12.png 12w, https:\/\/didaxe.it\/wp-content\/uploads\/2021\/05\/Kurt-Gerron1-24x24.png 24w, https:\/\/didaxe.it\/wp-content\/uploads\/2021\/05\/Kurt-Gerron1-36x36.png 36w, https:\/\/didaxe.it\/wp-content\/uploads\/2021\/05\/Kurt-Gerron1-48x48.png 48w, https:\/\/didaxe.it\/wp-content\/uploads\/2021\/05\/Kurt-Gerron1.png 500w\" sizes=\"(max-width: 300px) 100vw, 300px\" \/>\t\t\t\t\t\t\t\t\t\t\t\t\t\t\t<\/div>\n\t\t\t\t<\/div>\n\t\t\t\t\t<\/div>\n\t\t<\/div>\n\t\t\t\t<div class=\"has_eae_slider elementor-column elementor-col-50 elementor-top-column elementor-element elementor-element-37ee926\" data-eae-slider=\"49911\" data-id=\"37ee926\" data-element_type=\"column\" data-e-type=\"column\">\n\t\t\t<div class=\"elementor-widget-wrap elementor-element-populated\">\n\t\t\t\t\t\t<div class=\"elementor-element elementor-element-8a9616d elementor-widget elementor-widget-video\" data-id=\"8a9616d\" data-element_type=\"widget\" data-e-type=\"widget\" data-settings=\"{&quot;youtube_url&quot;:&quot;https:\\\/\\\/www.youtube.com\\\/watch?v=76_21kfKcAw&quot;,&quot;video_type&quot;:&quot;youtube&quot;,&quot;controls&quot;:&quot;yes&quot;}\" data-widget_type=\"video.default\">\n\t\t\t\t<div class=\"elementor-widget-container\">\n\t\t\t\t\t\t\t<div class=\"elementor-wrapper elementor-open-inline\">\n\t\t\t<div class=\"elementor-video\"><\/div>\t\t<\/div>\n\t\t\t\t\t\t<\/div>\n\t\t\t\t<\/div>\n\t\t\t\t\t<\/div>\n\t\t<\/div>\n\t\t\t\t\t<\/div>\n\t\t<\/section>\n\t\t\t\t<section class=\"has_eae_slider elementor-section elementor-top-section elementor-element elementor-element-78262f1 elementor-section-stretched elementor-section-boxed elementor-section-height-default elementor-section-height-default\" data-eae-slider=\"24966\" data-id=\"78262f1\" data-element_type=\"section\" data-e-type=\"section\" data-settings=\"{&quot;stretch_section&quot;:&quot;section-stretched&quot;}\">\n\t\t\t\t\t\t<div class=\"elementor-container elementor-column-gap-default\">\n\t\t\t\t\t<div class=\"has_eae_slider elementor-column elementor-col-100 elementor-top-column elementor-element elementor-element-24e0b10\" data-eae-slider=\"73723\" data-id=\"24e0b10\" data-element_type=\"column\" data-e-type=\"column\">\n\t\t\t<div class=\"elementor-widget-wrap elementor-element-populated\">\n\t\t\t\t\t\t<div class=\"elementor-element elementor-element-63dfe11 elementor-widget-divider--view-line elementor-widget elementor-widget-divider\" data-id=\"63dfe11\" data-element_type=\"widget\" data-e-type=\"widget\" data-widget_type=\"divider.default\">\n\t\t\t\t<div class=\"elementor-widget-container\">\n\t\t\t\t\t\t\t<div class=\"elementor-divider\">\n\t\t\t<span class=\"elementor-divider-separator\">\n\t\t\t\t\t\t<\/span>\n\t\t<\/div>\n\t\t\t\t\t\t<\/div>\n\t\t\t\t<\/div>\n\t\t\t\t<div class=\"elementor-element elementor-element-ce94452 elementor-widget elementor-widget-text-editor\" data-id=\"ce94452\" data-element_type=\"widget\" data-e-type=\"widget\" data-widget_type=\"text-editor.default\">\n\t\t\t\t<div class=\"elementor-widget-container\">\n\t\t\t\t\t\t\t\t\t<p>Dodici convogli, noi siamo gli ultimi. Il campo di Fossoli \u00e8 quasi vuoto ormai. Sul treno siamo tutti vicini, sembra un carro di animali. Passa il tempo. Lentamente. Nessuno parla, di cosa dovremmo parlare? Non abbiamo niente da dirci. E dopo ore passate in piedi, sempre pi\u00f9 stanchi, arriviamo. <br \/>Il treno si ferma, siamo in un nuovo campo. Pi\u00f9 grande di quello da cui veniamo, spaventosamente pi\u00f9 grande.<\/p>\n<p>In riga. In silenzio e in riga. Aspetto. Sono appena arrivato da Fossoli a Mauthausen, so cosa sta per succedere. Valuteranno chi \u00e8 ancora in grado di lavorare, gli altri verranno uccisi. Mentre aspetto riesco solo a pensare a ci\u00f2 che ho lasciato in Italia.<\/p>\n<p>Mia moglie, mio figlio. Adesso sono solo loro due. Celeste e Guglielmo, chiss\u00e0 come stanno, cosa stanno facendo in questo momento. Forse anche loro aspettano, aspettano che torni, che la guerra finisca o forse aspettano la primavera. Almeno sono sicuri che arriver\u00e0, la primavera. Mi chiedo se il piccolo Guglielmo si ricordi di me, se abbia imparato nuove parole, se adesso cammini dritto. Mi dispiacerebbe non vederla pi\u00f9, quella buffa camminata, sembra un vecchio ubriaco nel corpo di un bambino.<\/p>\n<p>Chiss\u00e0 se \u00e8 arrabbiata con me, Celeste. Sono diventato partigiano per i miei valori, che in fondo sono anche i suoi, ma adesso \u00e8 sola. So di aver fatto ci\u00f2 che era giusto, ma l\u2019idea di loro due, senza di me, questo no\u2026non mi sembra giusto. Doveva succedere, prima o poi, i partigiani o muoiono o vengono arrestati. Questo lo sapeva anche lei.<\/p>\n<p>Aspetto di tornare a casa, forse sarebbe meglio aspettare la primavera. Ma qui le stagioni non ci sono, \u00e8 sempre grigio e freddo. Che tortura, togliere i colori ad un artista. Non riesco quasi pi\u00f9 a immaginarli, i colori della primavera. Ma ci provo, penso a tutti i quadri che ho dipinto. All\u2019Universit\u00e0 di Vienna, mi hanno insegnato l\u2019importanza dei colori, non \u00e8 mai stato pi\u00f9 chiaro che adesso. I colori smettono di avere senso, quando vedi i cadaveri abbandonati lentamente diventare grigiastri, senza pi\u00f9 vita, al freddo. In quel momento pensi che forse sarebbe meglio non vedere pi\u00f9, ma l\u2019immagine rimarrebbe. Il peggior quadro al mondo incollato per sempre alle tue palpebre. Cosa darei, per vedere un tramonto. O gli alberi in fiore, talmente belli da sembrare un miracolo divino. Ma Dio qui non c\u2019\u00e8. Non ci sono i colori, non c\u2019\u00e8 la musica, non c\u2019\u00e8 la primavera.<\/p>\n<p>Ma torner\u00e0, torner\u00f2, io tanto, aspetto.<\/p>\n<p>[voce esterna] \u201c<em>Bewegt euch!<\/em>\u201d<\/p>\t\t\t\t\t\t\t\t<\/div>\n\t\t\t\t<\/div>\n\t\t\t\t\t<\/div>\n\t\t<\/div>\n\t\t\t\t\t<\/div>\n\t\t<\/section>\n\t\t\t\t<\/div>\n\t\t","protected":false},"excerpt":{"rendered":"<p>Gustavo Meltzeid di Federica Vendrame Dodici convogli, noi siamo gli ultimi. Il campo di Fossoli \u00e8 quasi vuoto ormai. Sul treno siamo tutti vicini, sembra un carro di animali. Passa il tempo. Lentamente. Nessuno parla, di cosa dovremmo parlare? Non abbiamo niente da dirci. E dopo ore passate in piedi, sempre pi\u00f9 stanchi, arriviamo. Il [&hellip;]<\/p>\n","protected":false},"author":1,"featured_media":0,"parent":0,"menu_order":0,"comment_status":"closed","ping_status":"closed","template":"","meta":{"zakra_page_container_layout":"customizer","zakra_page_sidebar_layout":"customizer","zakra_remove_content_margin":false,"zakra_sidebar":"customizer","zakra_transparent_header":"customizer","zakra_logo":0,"zakra_main_header_style":"default","zakra_menu_item_color":"","zakra_menu_item_hover_color":"","zakra_menu_item_active_color":"","zakra_menu_active_style":"","zakra_page_header":true,"footnotes":""},"class_list":["post-1508","page","type-page","status-publish","hentry"],"aioseo_notices":[],"_links":{"self":[{"href":"https:\/\/didaxe.it\/it\/wp-json\/wp\/v2\/pages\/1508","targetHints":{"allow":["GET"]}}],"collection":[{"href":"https:\/\/didaxe.it\/it\/wp-json\/wp\/v2\/pages"}],"about":[{"href":"https:\/\/didaxe.it\/it\/wp-json\/wp\/v2\/types\/page"}],"author":[{"embeddable":true,"href":"https:\/\/didaxe.it\/it\/wp-json\/wp\/v2\/users\/1"}],"replies":[{"embeddable":true,"href":"https:\/\/didaxe.it\/it\/wp-json\/wp\/v2\/comments?post=1508"}],"version-history":[{"count":5,"href":"https:\/\/didaxe.it\/it\/wp-json\/wp\/v2\/pages\/1508\/revisions"}],"predecessor-version":[{"id":1515,"href":"https:\/\/didaxe.it\/it\/wp-json\/wp\/v2\/pages\/1508\/revisions\/1515"}],"wp:attachment":[{"href":"https:\/\/didaxe.it\/it\/wp-json\/wp\/v2\/media?parent=1508"}],"curies":[{"name":"wp","href":"https:\/\/api.w.org\/{rel}","templated":true}]}}