{"id":1491,"date":"2021-05-14T16:45:08","date_gmt":"2021-05-14T16:45:08","guid":{"rendered":"https:\/\/didaxe.it\/?page_id=1491"},"modified":"2021-05-14T17:22:25","modified_gmt":"2021-05-14T17:22:25","slug":"werner-seelenbinder-brdi-roberto-greco","status":"publish","type":"page","link":"https:\/\/didaxe.it\/it\/werner-seelenbinder-brdi-roberto-greco","title":{"rendered":""},"content":{"rendered":"<div data-elementor-type=\"wp-page\" data-elementor-id=\"1491\" class=\"elementor elementor-1491\">\n\t\t\t\t\t\t<section class=\"has_eae_slider elementor-section elementor-top-section elementor-element elementor-element-47b37f9 elementor-section-stretched elementor-section-boxed elementor-section-height-default elementor-section-height-default\" data-eae-slider=\"68780\" data-id=\"47b37f9\" data-element_type=\"section\" data-e-type=\"section\" data-settings=\"{&quot;stretch_section&quot;:&quot;section-stretched&quot;}\">\n\t\t\t\t\t\t<div class=\"elementor-container elementor-column-gap-default\">\n\t\t\t\t\t<div class=\"has_eae_slider elementor-column elementor-col-100 elementor-top-column elementor-element elementor-element-d02aea1\" data-eae-slider=\"96154\" data-id=\"d02aea1\" data-element_type=\"column\" data-e-type=\"column\">\n\t\t\t<div class=\"elementor-widget-wrap elementor-element-populated\">\n\t\t\t\t\t\t<div class=\"elementor-element elementor-element-e07b84e elementor-widget elementor-widget-heading\" data-id=\"e07b84e\" data-element_type=\"widget\" data-e-type=\"widget\" data-widget_type=\"heading.default\">\n\t\t\t\t<div class=\"elementor-widget-container\">\n\t\t\t\t\t<h2 class=\"elementor-heading-title elementor-size-default\">Werner Seelenbinder <br>di Roberto Greco<\/h2>\t\t\t\t<\/div>\n\t\t\t\t<\/div>\n\t\t\t\t<div class=\"elementor-element elementor-element-f75a5f8 elementor-widget elementor-widget-image\" data-id=\"f75a5f8\" data-element_type=\"widget\" data-e-type=\"widget\" data-widget_type=\"image.default\">\n\t\t\t\t<div class=\"elementor-widget-container\">\n\t\t\t\t\t\t\t\t\t\t\t\t\t\t\t<img  title=\"\" fetchpriority=\"high\" decoding=\"async\" width=\"300\" height=\"300\" src=\"https:\/\/didaxe.it\/wp-content\/uploads\/2021\/05\/Kurt-Gerron5-300x300.png\" class=\"attachment-medium size-medium wp-image-1534\"  alt=\"Kurt-Gerron5-300x300 \"  srcset=\"https:\/\/didaxe.it\/wp-content\/uploads\/2021\/05\/Kurt-Gerron5-300x300.png 300w, https:\/\/didaxe.it\/wp-content\/uploads\/2021\/05\/Kurt-Gerron5-100x100.png 100w, https:\/\/didaxe.it\/wp-content\/uploads\/2021\/05\/Kurt-Gerron5-150x150.png 150w, https:\/\/didaxe.it\/wp-content\/uploads\/2021\/05\/Kurt-Gerron5-12x12.png 12w, https:\/\/didaxe.it\/wp-content\/uploads\/2021\/05\/Kurt-Gerron5-24x24.png 24w, https:\/\/didaxe.it\/wp-content\/uploads\/2021\/05\/Kurt-Gerron5-36x36.png 36w, https:\/\/didaxe.it\/wp-content\/uploads\/2021\/05\/Kurt-Gerron5-48x48.png 48w, https:\/\/didaxe.it\/wp-content\/uploads\/2021\/05\/Kurt-Gerron5.png 500w\" sizes=\"(max-width: 300px) 100vw, 300px\" \/>\t\t\t\t\t\t\t\t\t\t\t\t\t\t\t<\/div>\n\t\t\t\t<\/div>\n\t\t\t\t<div class=\"elementor-element elementor-element-23bf965 elementor-widget-divider--view-line elementor-widget elementor-widget-divider\" data-id=\"23bf965\" data-element_type=\"widget\" data-e-type=\"widget\" data-widget_type=\"divider.default\">\n\t\t\t\t<div class=\"elementor-widget-container\">\n\t\t\t\t\t\t\t<div class=\"elementor-divider\">\n\t\t\t<span class=\"elementor-divider-separator\">\n\t\t\t\t\t\t<\/span>\n\t\t<\/div>\n\t\t\t\t\t\t<\/div>\n\t\t\t\t<\/div>\n\t\t\t\t<div class=\"elementor-element elementor-element-0cef5e6 elementor-widget elementor-widget-text-editor\" data-id=\"0cef5e6\" data-element_type=\"widget\" data-e-type=\"widget\" data-widget_type=\"text-editor.default\">\n\t\t\t\t<div class=\"elementor-widget-container\">\n\t\t\t\t\t\t\t\t\t<p>Allora: soldi, volantini, pistole di piccolo calibro, munizioni.<\/p>\n<p>Ok, poi alla stazione ci sar\u00e0 Robert ad accompagnarmi, sapr\u00e0 lui dove portarmi, avr\u00e0 \u201coliato\u201d qualche ingranaggio. Chiaro e semplice, anche se \u00e8 da un po&#8217; che non viaggio con questa roba addosso, ce la posso fare&#8230; \u00e8 come andare in bicicletta\u2026 (Brucia il biglietto poi comincia a preparare la valigia)&#8230; Eh, ma \u00e8 pi\u00f9 difficile ora, ormai mi conoscono.<\/p>\n<p>Dopo Dortmund sono certamente un \u201csorvegliato speciale\u201d. Potrebbero fermarmi per un controllo in ogni momento, tanto pi\u00f9 passando la frontiera. Eppure mica li ho capiti, questi nazisti. A volte sembra che mi lascino fare, poi mi sbattono in galera. Vogliono che porti una medaglia a Berlino e mi squalificano per un anno e mezzo quasi, senza farmi competere. Mah, certo che quello che ho combinato l&#8217;ultima volta non ha aiutato. Ma cosa devo fare? Non so, io non sono come gli altri, oppure boh, lo sono, ma non vorrei esserlo. Non lo so, comunque io il saluto nazista non lo faccio. Punto. E per adesso posso ancora provare a portare questo materiale ai compagni, se poi va bene oggi significa che probabilmente hanno ragione loro quando dicono che fino alle Olimpiadi posso stare tranquillo, che a Hitler serve la mia medaglia, ma poi dicono anche che i passaggi di frontiera sono pericolosi per tutti, nessuno escluso, neanche per Seelenbinder. Vabb\u00e8, vediamo come va. E speriamo che non ti aprano, amica mia (da una pacca alla valigia, poi riprende la sua divagazione). <br \/>E poi, s\u00ec, fino alle Olimpiadi posso star sereno, ma dopo? Che succede dopo? Mica gliela regalo la medaglia a Hitler. Se faccio quel che penso di fare, muoversi dopo sar\u00e0 impossibile. Oppure sar\u00e0 possibile di nuovo solo dentro i quattro muri stretti di una prigione. Magari dovrei lasciar perdere e non dare nell&#8217;occhio a Berlino. Ma dai, sono le Olimpiadi. Quando ripassano di qua? Se scoppia la guerra di nuovo, nel \u201840 saltano come nel \u201816, e nel \u201844&#8230;nel \u201844 mi piacerebbe pi\u00f9 schienare due mocciosi, per gioco, sul lettone, che gli avversari sul tappeto di gara.<\/p>\n<p>No, non posso lasciar passare le Olimpiadi senza colpo ferire, stanno facendo le cose in grande, ci saranno radio, riprese cinematografiche, giornalisti da ogni parte del mondo. Devo dire quello che sta succedendo qui. Eh, ma se poi non potr\u00f2 pi\u00f9 viaggiare con questa roba qui, o se mi butteranno dentro ad un&#8217;altra delle loro galere, gli altri come faranno? Cio\u00e8, cosa \u00e8 meglio per il movimento, per la causa, che mi esponga, ed esponga i fatti o che non mi faccia vedere e poi continui a fare quel che faccio?<br \/>Ne dovrei parlare a pap\u00e0, o a Charlotte, o a quel Robert che ho conosciuto, mi sembra uno in gamba. Non so. Pap\u00e0 direbbe che io non sono nato per passare inosservato, che da quando sono nato non siamo pi\u00f9 passati inosservati! E ha ragione. Charlotte direbbe che nella valigia c&#8217;entra tutto quel materiale e i vestiti e altro, ma non c&#8217;entrerebbe il mio ego smisurato. E anche lei ha ragione. Ma io? Chi voglio essere davvero io? Quello che denuncia tutto mettendo a repentaglio la carriera, e forse chiss\u00e0, la vita, oppure quello che aiuta il movimento ogni giorno, sotto traccia, prima e dopo le Olimpiadi? Non lo so, per\u00f2 se sapessi per certo che \u00e8 la cosa migliore, indiscutibilmente, saprei starmene zitto, mettermi da parte. S\u00ec lo farei, nonostante il mio ego che non entra in valigia. Ma non lo so, non lo so per certo. Sai quanti aiuti internazionali e gente da tutto il mondo verrebbe qui a sostenerci se io squarciassi questo velo di silenzio, l\u00ec a Berlino tra qualche mese, davanti a tutti, davanti a Hitler? E poi&#8230;non mi alleno mica cos\u00ec da anni per passare inosservato? Mica ho fatto e faccio tutti questi sacrifici per andare l\u00ec, prendere la mia medaglia e andar via. Come un olimpionico qualsiasi. Eh no, ha ragione Charlotte, io combatto per la gloria, come in una guerra, quelle dal passato, quelle in cui c&#8217;era ancora l&#8217;onore, il duello. Altrimenti non avrei scelto la lotta. Come diceva il mio maestro? Aspetta, ah s\u00ec: \u201cla lotta \u00e8 la guerra rappresentata sul tappeto di gara. Come se fosse a teatro\u201d. E la gloria \u00e8 la stessa. E a me non basta, io voglio anche la gloria di essere \u201cil lottatore contro il regime\u201d, quello che si \u00e8 opposto ad Hitler sul podio di Berlino nel \u201836, diranno. E poi mi piacerebbe anche tornare a fare questa vita qui e a sostenere il movimento. Ma mi sa che delle due l&#8217;una&#8230;<\/p>\n<p>Ma adesso basta, vediamo come va oggi e speriamo che non mi aprano la valigia. <br \/><br \/>Cos&#8217;era successo a Dortmund? Era il \u201833, Seelenbinder aveva vinto il campionato nazionale di lotta libera, era salito sul podio, e l\u00ec, era partito l&#8217;inno, quello della nuovissima Germania Nazista. Tutti in piedi, tutti col braccio su e la mano tesa. Non lui. Non Seelenbinder. Seelenbinder aveva ascoltato, in silenzio, immobile, poi, al termine dell&#8217;inno avevo ricevuto un mazzo di rose. Lo aveva aperto, rivolto al pubblico e poi ne aveva consegnate due al secondo e al terzo classificato. Risultato? Dieci giorni in prigione e 16 mesi di squalifica. Poi era uscito e aveva cominciato di nuovo a lottare e a viaggiare. E viaggiando, con la sua valigia col doppio fondo, portava materiale di propaganda comunista e anti-nazista in giro per la Germania e l&#8217;Europa. Sempre con la paura che gli aprissero la valigia e lo arrestassero. E lo arrestarono. Nel \u201842, faceva parte del gruppo Robert Uhrig, qualcuno fece una soffiata, ci fu una retata. Gir\u00f2 8 prigioni diverse, super\u00f2 torture indicibili, non fece mai i nomi dei compagni. Fino a quando, nel \u201844, lo condannarono a morte. \u00a0 <br \/><br \/>Li vedi, son cambiati (indica le guardie naziste fuori dalla finestra ad un amico dentro la baracca). Sono pi\u00f9 nervosi. Uccidono, picchiano, molto pi\u00f9 di prima, corrono a destra e a sinistra. Sentono la sconfitta. Io lo conosco quel sapore l\u00ec. Io sono stato un atleta, sai. Un atleta di alto livello. Un lottatore olimpico. Campionati nazionali, europei, olimpiadi operaie, ho vinto un sacco di volte. E ho pure perso un sacco di volte. E quando perdi, nella lotta, fa male due volte. Fa male perch\u00e9 hai perso, e fa male perch\u00e9 fa male. Ma il dolore fisico, quello lo senti dopo. Quello che fa male \u00e8 che l&#8217;altro, il tuo avversario, quello che era di fronte a te, \u00e8 pi\u00f9 forte di te, \u00e8 pi\u00f9 bravo di te. E&#8217; pi\u00f9 di te! Il tuo orgoglio far\u00e0 male sempre. C&#8217;\u00e8 poco da fare. Siete tu e lui, sul tappeto, le mani, le gambe, la testa e il corpo. E lui ti ha battuto. Fa malissimo quella sensazione l\u00ec. E la senti arrivare. Nella lotta devi essere lucido, agire e reagire. La mente deve essere fredda e ferma, e deve lasciare agire il corpo, e il corpo deve seguire l&#8217;istinto che hai allenato e allo stesso tempo deve proporre all&#8217;avversario la strategia che hai preparato. A volte non ci riesci, e perdi, altre volte ci riesci, e vinci, altre volte ancora ci riesci e perdi lo stesso, perch\u00e9 l&#8217;altro \u00e8 semplicemente pi\u00f9 forte di te. Con Cadier era cos\u00ec. Appena pass\u00f2 di categoria, non ce ne fu pi\u00f9 per nessuno, era di un altro livello. Con lui ti sentivi come si sentono questi qui vedi (indica fuori di nuovo). Sentono l&#8217;armata rossa che sta arrivando di qua. E pure gli americani dall&#8217;altro lato. Quando senti la sconfitta in bocca, che sta arrivando, sai cosa fai? Fai, agisci, fai cose senza pensare, e va sempre peggio, perch\u00e9 l&#8217;avversario ormai ti tiene in pugno, ribatte colpo su colpo, \u00e8 in vantaggio e gestisce la situazione. E tu, senza fiato, vuoi ribaltare la situazione e allora fai, fai, fai, e ne prendi tante. Ma tante&#8230;Li vedi, guardali. Sembrano tante formiche quando cominciano a cadere le prime gocce di pioggia, scappano di qua e di l\u00e0. Fanno. Fanno cose. Hanno gi\u00e0 perso. <br \/>Mi dispiace solo che non la vedr\u00f2 l&#8217;armata rossa. Li volevo salutare. E invece domani, zaac (mima il taglio della propria testa). Ciao Werner Seelenbinder. Ma non fa niente, non \u00e8 un rimpianto vero. L&#8217;armata rossa arriva, non la vedr\u00f2, ma arriva, non \u00e8 un rimpianto. Succede, forse non a giorni, ma tra qualche mese arriva&#8230;I rimpianti veri sono altri. Io ce li ho i rimpianti, tu no? Sai cosa rimpiango io? Eh, Berlino \u201836. Le Olimpiadi sono il mio rimpianto&#8230;Che dici? No, no, non mi frega nulla della medaglia per il mio paese. Ma quale paese? Io non ce l&#8217;ho il paese. Il mio paese sono i lavoratori, gli operai. Di tutto il mondo, quello \u00e8 il mio paese e non partecipa alle Olimpiadi. No, no, a me di vincere per la Germania di Hitler non mi fregava nulla. Io volevo incontrarlo. Io DOVEVO incontrarlo. Salire sul podio, almeno al terzo posto ci dovevo arrivare. Gliel&#8217;avevo promesso, e l&#8217;avrei fatta eh&#8230;ne avrei fatta una delle mie! Di preciso non so cosa, c&#8217;avevo un po&#8217; di idee in testa. Ma se si fosse presentato alla premiazione, che scena sarebbe stata&#8230; e se non si fosse presentato, avrebbe fatto la figura del codardo, e non la poteva fare, l&#8217;avevo incastrato io. Lo sapevano tutti che avrei fatto qualcosa, l&#8217;avevo detto a tutti, lo sapevano anche lui e i suoi, doveva venir gi\u00f9. E quando sarebbe venuto, io avrei fatto qualcosa. No, non come a Dortmund nel \u201833, certo che il saluto nazista non lo avrei fatto neanche a Berlino, ma gli avevo promesso qualcosa di pi\u00f9&#8230;Che scemo. Sai che prima delle gare mi fermavo da solo, davanti allo specchio dei bagni, negli spogliatoi, e m&#8217;immaginavo la scena. Una volta gli cantavo l&#8217;Internazionale a pugno alzato (canticchia il motivo con il braccio su e il pugno sinistro chiuso) e mi arrestavano davanti a tutti, quei maledetti. Un&#8217;altra volta quel braccio alzato, glielo abbassavo (mima), e mi venivano addosso 5\/6 guardie, un paio le ribaltavo (mima), una poi mi sparava (mima). Mi piaceva pi\u00f9 di tutte questa scena qui. Che ci frega di morire. Non mi frega niente di morire, \u00e8 tutta la vita che ci manca tanto cos\u00ec che m&#8217;ammazzano. Non mi frega niente neanche per domani. Mi dispiace solo di non averlo incontrato, Hitler, sul podio, a Berlino nel \u201836. Ma comunque non mi avrebbero mai fatto avvicinare cos\u00ec tanto da mettergli le mani addosso. Probabilmente gli avrei solo potuto fare un gestaccio, che so io: l&#8217;ombrello o un saluto comunista? Maledizione&#8230;Ma Cadier non si batteva, era di un altro livello. Il lettone invece, il lettone&#8230;il lettone lo potevo battere. Ma nulla, quella volta l\u00ec le gambe non reagivano. Niente. Il cervello diceva una cosa, e le gambe, niente. Quella volta l\u00ec le mie gambe decisero di scioperare. Come facevo io da operaio. Fu colpa mia. Io non ci stavo con la testa. Il lettone era forte, ma io non ero sul tappeto con lui. Io non ci vedevo lui di fronte a me. Io mi vedevo gi\u00e0 sul podio, io stavo l\u00ec quasi a mimare quello che avrei fatto sul podio. E intanto il lettone mi batteva. La testa, la testa deve essere vuota e connessa nella lotta. Vuota, perch\u00e9 devi far lavorare l&#8217;istinto e il tuo fisico, il tuo corpo, che hai allenato a comportarsi in maniera diversa nelle diverse situazioni. Ma devi essere l\u00ec, pronto, attento, concentratissimo. Reattivo&#8230;Io quel giorno l\u00ec non ero neanche sul tappeto. La testa era troppo piena. Magari poi mi batteva lo stesso, eh, chi lo sa. Era forte anche lui. Ma non me la sono neanche giocata. E Hitler non l&#8217;ho incontrato. Questo, questo \u00e8 il mio rimpianto. E domani me lo porto con me.<\/p>\n<p>Qua vedi. Dice che me la tagliano la testa. Maledetta testa mia. Per\u00f2 va bene cos\u00ec. C&#8217;ho provato, le ho provate tutte, non mi sono piegato, non ho tradito nessuno, da questa bocca non \u00e8 uscito neanche un nome dei compagni che lottavano con me.<\/p>\n<p>S\u00ec, mi dispiace per le Olimpiadi, ma alla fine, va bene cos\u00ec.<\/p>\n<p>I compagni di sport e i compagni operai mi hanno amato ed apprezzato e io ho amato loro. Va bene cos\u00ec&#8230;<br \/><br \/>Il 24 ottobre 1944 nel campo di concentramento di Brandeburg-G\u00f6rden un gruppo di detenuti viene portato ad assistere ad un\u2019esecuzione, tra i condannati se ne distingue uno, triangolo rosso al petto, distintivo dei prigionieri politici. E&#8217; provato nel fisico da anni di vessazioni, pare abbia perso 30 chili nei 2 anni di prigionia, eppure si vede che deve essere stato un atleta, un atleta di alto livello. Prima dell&#8217;esecuzione ha un ultimo moto d&#8217;orgoglio, come quelli che avevano costellato la sua carriera sportiva: \u201cCompagni, oggi noi saremo ammazzati. Ma voi resisterete. Morte a Hitler: salutateci l\u2019Armata Rossa\u201d.<br \/>Zaac! Via la testa. Addio Seelenbinder.<\/p>\t\t\t\t\t\t\t\t<\/div>\n\t\t\t\t<\/div>\n\t\t\t\t\t<\/div>\n\t\t<\/div>\n\t\t\t\t\t<\/div>\n\t\t<\/section>\n\t\t\t\t<\/div>","protected":false},"excerpt":{"rendered":"<p>Werner Seelenbinder di Roberto Greco Allora: soldi, volantini, pistole di piccolo calibro, munizioni. Ok, poi alla stazione ci sar\u00e0 Robert ad accompagnarmi, sapr\u00e0 lui dove portarmi, avr\u00e0 \u201coliato\u201d qualche ingranaggio. Chiaro e semplice, anche se \u00e8 da un po&#8217; che non viaggio con questa roba addosso, ce la posso fare&#8230; \u00e8 come andare in bicicletta\u2026 [&hellip;]<\/p>\n","protected":false},"author":1,"featured_media":0,"parent":0,"menu_order":0,"comment_status":"closed","ping_status":"closed","template":"","meta":{"zakra_page_container_layout":"customizer","zakra_page_sidebar_layout":"customizer","zakra_remove_content_margin":false,"zakra_sidebar":"customizer","zakra_transparent_header":"customizer","zakra_logo":0,"zakra_main_header_style":"default","zakra_menu_item_color":"","zakra_menu_item_hover_color":"","zakra_menu_item_active_color":"","zakra_menu_active_style":"","zakra_page_header":true,"footnotes":""},"class_list":["post-1491","page","type-page","status-publish","hentry"],"aioseo_notices":[],"_links":{"self":[{"href":"https:\/\/didaxe.it\/it\/wp-json\/wp\/v2\/pages\/1491","targetHints":{"allow":["GET"]}}],"collection":[{"href":"https:\/\/didaxe.it\/it\/wp-json\/wp\/v2\/pages"}],"about":[{"href":"https:\/\/didaxe.it\/it\/wp-json\/wp\/v2\/types\/page"}],"author":[{"embeddable":true,"href":"https:\/\/didaxe.it\/it\/wp-json\/wp\/v2\/users\/1"}],"replies":[{"embeddable":true,"href":"https:\/\/didaxe.it\/it\/wp-json\/wp\/v2\/comments?post=1491"}],"version-history":[{"count":7,"href":"https:\/\/didaxe.it\/it\/wp-json\/wp\/v2\/pages\/1491\/revisions"}],"predecessor-version":[{"id":1537,"href":"https:\/\/didaxe.it\/it\/wp-json\/wp\/v2\/pages\/1491\/revisions\/1537"}],"wp:attachment":[{"href":"https:\/\/didaxe.it\/it\/wp-json\/wp\/v2\/media?parent=1491"}],"curies":[{"name":"wp","href":"https:\/\/api.w.org\/{rel}","templated":true}]}}