{"id":1473,"date":"2021-05-14T16:32:34","date_gmt":"2021-05-14T16:32:34","guid":{"rendered":"https:\/\/didaxe.it\/?page_id=1473"},"modified":"2021-05-14T17:26:04","modified_gmt":"2021-05-14T17:26:04","slug":"johann-trollmann-di-federica-vendrame","status":"publish","type":"page","link":"https:\/\/didaxe.it\/it\/johann-trollmann-di-federica-vendrame","title":{"rendered":""},"content":{"rendered":"<div data-elementor-type=\"wp-page\" data-elementor-id=\"1473\" class=\"elementor elementor-1473\">\n\t\t\t\t\t\t<section class=\"has_eae_slider elementor-section elementor-top-section elementor-element elementor-element-2babc29 elementor-section-stretched elementor-section-boxed elementor-section-height-default elementor-section-height-default\" data-eae-slider=\"47284\" data-id=\"2babc29\" data-element_type=\"section\" data-e-type=\"section\" data-settings=\"{&quot;stretch_section&quot;:&quot;section-stretched&quot;}\">\n\t\t\t\t\t\t<div class=\"elementor-container elementor-column-gap-default\">\n\t\t\t\t\t<div class=\"has_eae_slider elementor-column elementor-col-100 elementor-top-column elementor-element elementor-element-11f71cb\" data-eae-slider=\"48025\" data-id=\"11f71cb\" data-element_type=\"column\" data-e-type=\"column\">\n\t\t\t<div class=\"elementor-widget-wrap elementor-element-populated\">\n\t\t\t\t\t\t<div class=\"elementor-element elementor-element-fe25215 elementor-widget elementor-widget-heading\" data-id=\"fe25215\" data-element_type=\"widget\" data-e-type=\"widget\" data-widget_type=\"heading.default\">\n\t\t\t\t<div class=\"elementor-widget-container\">\n\t\t\t\t\t<h2 class=\"elementor-heading-title elementor-size-default\">Johann Trollmann\ndi Federica Vendrame<\/h2>\t\t\t\t<\/div>\n\t\t\t\t<\/div>\n\t\t\t\t\t<\/div>\n\t\t<\/div>\n\t\t\t\t\t<\/div>\n\t\t<\/section>\n\t\t\t\t<section class=\"has_eae_slider elementor-section elementor-top-section elementor-element elementor-element-f083729 elementor-section-stretched elementor-section-boxed elementor-section-height-default elementor-section-height-default\" data-eae-slider=\"61949\" data-id=\"f083729\" data-element_type=\"section\" data-e-type=\"section\" data-settings=\"{&quot;stretch_section&quot;:&quot;section-stretched&quot;}\">\n\t\t\t\t\t\t<div class=\"elementor-container elementor-column-gap-default\">\n\t\t\t\t\t<div class=\"has_eae_slider elementor-column elementor-col-50 elementor-top-column elementor-element elementor-element-3dcc086\" data-eae-slider=\"88678\" data-id=\"3dcc086\" data-element_type=\"column\" data-e-type=\"column\">\n\t\t\t<div class=\"elementor-widget-wrap elementor-element-populated\">\n\t\t\t\t\t\t<div class=\"elementor-element elementor-element-a7ceb1f elementor-widget elementor-widget-image\" data-id=\"a7ceb1f\" data-element_type=\"widget\" data-e-type=\"widget\" data-widget_type=\"image.default\">\n\t\t\t\t<div class=\"elementor-widget-container\">\n\t\t\t\t\t\t\t\t\t\t\t\t\t\t\t<img  title=\"\" fetchpriority=\"high\" decoding=\"async\" width=\"300\" height=\"300\" src=\"https:\/\/didaxe.it\/wp-content\/uploads\/2021\/05\/Kurt-Gerron3-300x300.png\" class=\"attachment-medium size-medium wp-image-1526\"  alt=\"Kurt-Gerron3-300x300 \"  srcset=\"https:\/\/didaxe.it\/wp-content\/uploads\/2021\/05\/Kurt-Gerron3-300x300.png 300w, https:\/\/didaxe.it\/wp-content\/uploads\/2021\/05\/Kurt-Gerron3-100x100.png 100w, https:\/\/didaxe.it\/wp-content\/uploads\/2021\/05\/Kurt-Gerron3-150x150.png 150w, https:\/\/didaxe.it\/wp-content\/uploads\/2021\/05\/Kurt-Gerron3-12x12.png 12w, https:\/\/didaxe.it\/wp-content\/uploads\/2021\/05\/Kurt-Gerron3-24x24.png 24w, https:\/\/didaxe.it\/wp-content\/uploads\/2021\/05\/Kurt-Gerron3-36x36.png 36w, https:\/\/didaxe.it\/wp-content\/uploads\/2021\/05\/Kurt-Gerron3-48x48.png 48w, https:\/\/didaxe.it\/wp-content\/uploads\/2021\/05\/Kurt-Gerron3.png 500w\" sizes=\"(max-width: 300px) 100vw, 300px\" \/>\t\t\t\t\t\t\t\t\t\t\t\t\t\t\t<\/div>\n\t\t\t\t<\/div>\n\t\t\t\t\t<\/div>\n\t\t<\/div>\n\t\t\t\t<div class=\"has_eae_slider elementor-column elementor-col-50 elementor-top-column elementor-element elementor-element-6609315\" data-eae-slider=\"31931\" data-id=\"6609315\" data-element_type=\"column\" data-e-type=\"column\">\n\t\t\t<div class=\"elementor-widget-wrap elementor-element-populated\">\n\t\t\t\t\t\t<div class=\"elementor-element elementor-element-493926f elementor-widget elementor-widget-video\" data-id=\"493926f\" data-element_type=\"widget\" data-e-type=\"widget\" data-settings=\"{&quot;youtube_url&quot;:&quot;https:\\\/\\\/www.youtube.com\\\/watch?v=OZJ_4nrUtRs&quot;,&quot;video_type&quot;:&quot;youtube&quot;,&quot;controls&quot;:&quot;yes&quot;}\" data-widget_type=\"video.default\">\n\t\t\t\t<div class=\"elementor-widget-container\">\n\t\t\t\t\t\t\t<div class=\"elementor-wrapper elementor-open-inline\">\n\t\t\t<div class=\"elementor-video\"><\/div>\t\t<\/div>\n\t\t\t\t\t\t<\/div>\n\t\t\t\t<\/div>\n\t\t\t\t\t<\/div>\n\t\t<\/div>\n\t\t\t\t\t<\/div>\n\t\t<\/section>\n\t\t\t\t<section class=\"has_eae_slider elementor-section elementor-top-section elementor-element elementor-element-60ef2688 elementor-section-stretched elementor-section-boxed elementor-section-height-default elementor-section-height-default\" data-eae-slider=\"49793\" data-id=\"60ef2688\" data-element_type=\"section\" data-e-type=\"section\" data-settings=\"{&quot;stretch_section&quot;:&quot;section-stretched&quot;}\">\n\t\t\t\t\t\t<div class=\"elementor-container elementor-column-gap-default\">\n\t\t\t\t\t<div class=\"has_eae_slider elementor-column elementor-col-100 elementor-top-column elementor-element elementor-element-5d2c889f\" data-eae-slider=\"64568\" data-id=\"5d2c889f\" data-element_type=\"column\" data-e-type=\"column\">\n\t\t\t<div class=\"elementor-widget-wrap elementor-element-populated\">\n\t\t\t\t\t\t<div class=\"elementor-element elementor-element-bb1af2d elementor-widget-divider--view-line elementor-widget elementor-widget-divider\" data-id=\"bb1af2d\" data-element_type=\"widget\" data-e-type=\"widget\" data-widget_type=\"divider.default\">\n\t\t\t\t<div class=\"elementor-widget-container\">\n\t\t\t\t\t\t\t<div class=\"elementor-divider\">\n\t\t\t<span class=\"elementor-divider-separator\">\n\t\t\t\t\t\t<\/span>\n\t\t<\/div>\n\t\t\t\t\t\t<\/div>\n\t\t\t\t<\/div>\n\t\t\t\t<div class=\"elementor-element elementor-element-2e55067 elementor-widget elementor-widget-text-editor\" data-id=\"2e55067\" data-element_type=\"widget\" data-e-type=\"widget\" data-widget_type=\"text-editor.default\">\n\t\t\t\t<div class=\"elementor-widget-container\">\n\t\t\t\t\t\t\t\t\t<p>Le vedete quelle due donne? Laggi\u00f9, vicino al bancone. <br \/>Stanno aspettando una birra. Stanno aspettando me.<br \/>Non per vantarmi, ma tendo ad avere un certo successo con le donne.<br \/>La mia boxe porta un grande pubblico femminile, di solito. Ma in questo momento non \u00e8 importante. Sto per affrontare il pi\u00f9 importante incontro di boxe della mia vita, quello per il titolo di campione dei pesi mediomassimi. In realt\u00e0 Eric Seelig \u00e8 il campione, ma \u00e8 ebreo e gli ebrei, in questa Germania, non possono vincere.<br \/>Il tempo mi sembra passare velocemente, l\u2019incontro finisce. Nessuno dei due \u00e8 K.O., quindi la decisione avviene ai punti. Sono sicuro di meritare questa vittoria. Poi, lo speaker parla. Non decisione. Cosa? In un attimo realizzo, in questa Germania anche i sinti, o gli zingari come ci chiamano con ribrezzo, non possono vincere. Il pubblico urla e fischia, anche loro credono che la vittoria sia mia. E come in un sogno, vedo la giuria decidere di consegnarmi il titolo.<\/p>\n<p>Pochi giorni dopo, il brusco risveglio dal sogno di una vita. Mi viene rimosso il titolo per colpa di un comportamento \u201cpatetico\u201d e uno stile \u201cnon tedesco\u201d. \u201cPatetico\u201d perch\u00e9 mi sono commosso, non capendo la felicit\u00e0 che si prova a vincere il titolo di campione con la parola \u201czingaro\u201d cucita sui pantaloni. <br \/>\u201cNon tedesco\u201d anche se si tratta una tecnica nata in Germania, da un pugile, zingaro s\u00ec, ma che non ha mai conosciuto nulla all\u2019infuori della Germania.<br \/>Quindi eccomi qui, costretto a combattere senza potermi muovere. Sono da sempre un combattente. Non accetto di affrontare un incontro perso in partenza. Perch\u00e9 non posso vincere senza fare il pugilato che piace a me, quello con cui ho vinto quel maledetto titolo. <br \/>Non vogliono le mie \u201cpatetiche\u201d lacrime, vogliono il mio sangue, su quel ring. Quindi perder\u00f2, perder\u00f2 perch\u00e9 non posso fare altro che perdere. I miei capelli sono biondi adesso, li ho ossigenati ieri sera. E nel mio borsone, di fianco a dei pantaloncini senza alcuna scritta, <br \/>c\u2019\u00e8 un sacco di farina. Oggi non sono pi\u00f9 un pugile, sono un artista. Mi tinger\u00f2 di bianco e salir\u00f2 su quel ring, stando fermo, immobile. Incassando pugni senza reagire. Oggi perdo, ma perdo da ariano. Eder sapr\u00e0 che questa vittoria non se la merita. Potrei morire, oggi, i nazisti non amano le proteste. Ma che mi sparino in fronte come a un animale, se vogliono. Questo zingaro non \u00e8 un perdente, questo zingaro \u00e8 un campione.<\/p>\n<p>Sento la porta scricchiolare, mi blocco. \u00c8 solo il mio allenatore, mi avvisa che l\u2019incontro sta per cominciare. <br \/>Cospargo il mio corpo di farina e attraverso il corridoio, lo speaker urla il mio nome. Il sipario si apre, entro in scena.<br \/>Mentre mi dirigo sul ring, riesco a sentire il sussulto del pubblico. Poi, il silenzio. Sono un pugile da una vita, sono salito sul ring tra le urla di tifo, tra insulti e fischi. <br \/>Ma con il silenzio mai, un silenzio assordante. Riesco quasi ad ascoltare il battito del mio cuore mentre aumenta rapidamente.<br \/>Incasso colpi per cinque round. Cinque. Quindici minuti sembrano infiniti, sangue e farina sul ring.<\/p>\n<p>E mentre sono sul pavimento, sento la voce ovattata dell\u2019arbitro che conta fino a 10.<\/p>\n<p>K.O.<\/p>\n<p>Sento le urla del pubblico, in fomento per Eder. Ma io sorrido, sono un ariano, K.O. L\u2019ultima meravigliosa vista della mia vita, prima dell\u2019inizio dell\u2019incubo.<\/p>\n<p>Ho perso la licenza da pugile, sono stato costretto a divorziare da mia moglie, ad abbandonare mia figlia. Le avrei solo messe in pericolo. Poi, la scelta: o la sterilizzazione o il campo di concentramento. Ho scelto la prima, per poter vivere. Libero.<br \/>Non \u00e8 durato molto. Il campo diventa obbligatorio anche per gli zingari. E quindi divento il numero 9841, triangolo marrone, non pi\u00f9 Johann Trollmann.<br \/>Ma la mia fama mi precede, Emil Cornelius, kap\u00f2 spietato e ossessionato dalla gloria, mi obbliga a sfidarlo in un incontro. Vuole battere il campione. Denutrito e senza allenamento, ma pur sempre il campione. Quindi combatto, come faccio da quando ho 8 anni, e vinco, nonostante la fatica e la fame. <br \/>Mentre cammino per il campo, sento un colpo netto alla testa.<\/p>\n<p>Cado.<\/p>\n<p>K.O., sangue e ghiaia sul pavimento.<\/p>\n<p>Ricordatemi come un campione.<\/p>\t\t\t\t\t\t\t\t<\/div>\n\t\t\t\t<\/div>\n\t\t\t\t\t<\/div>\n\t\t<\/div>\n\t\t\t\t\t<\/div>\n\t\t<\/section>\n\t\t\t\t<\/div>","protected":false},"excerpt":{"rendered":"<p>Johann Trollmann di Federica Vendrame Le vedete quelle due donne? Laggi\u00f9, vicino al bancone. Stanno aspettando una birra. Stanno aspettando me.Non per vantarmi, ma tendo ad avere un certo successo con le donne.La mia boxe porta un grande pubblico femminile, di solito. Ma in questo momento non \u00e8 importante. Sto per affrontare il pi\u00f9 importante [&hellip;]<\/p>\n","protected":false},"author":1,"featured_media":0,"parent":0,"menu_order":0,"comment_status":"closed","ping_status":"closed","template":"","meta":{"zakra_page_container_layout":"customizer","zakra_page_sidebar_layout":"customizer","zakra_remove_content_margin":false,"zakra_sidebar":"customizer","zakra_transparent_header":"customizer","zakra_logo":0,"zakra_main_header_style":"default","zakra_menu_item_color":"","zakra_menu_item_hover_color":"","zakra_menu_item_active_color":"","zakra_menu_active_style":"","zakra_page_header":true,"footnotes":""},"class_list":["post-1473","page","type-page","status-publish","hentry"],"aioseo_notices":[],"_links":{"self":[{"href":"https:\/\/didaxe.it\/it\/wp-json\/wp\/v2\/pages\/1473","targetHints":{"allow":["GET"]}}],"collection":[{"href":"https:\/\/didaxe.it\/it\/wp-json\/wp\/v2\/pages"}],"about":[{"href":"https:\/\/didaxe.it\/it\/wp-json\/wp\/v2\/types\/page"}],"author":[{"embeddable":true,"href":"https:\/\/didaxe.it\/it\/wp-json\/wp\/v2\/users\/1"}],"replies":[{"embeddable":true,"href":"https:\/\/didaxe.it\/it\/wp-json\/wp\/v2\/comments?post=1473"}],"version-history":[{"count":11,"href":"https:\/\/didaxe.it\/it\/wp-json\/wp\/v2\/pages\/1473\/revisions"}],"predecessor-version":[{"id":1544,"href":"https:\/\/didaxe.it\/it\/wp-json\/wp\/v2\/pages\/1473\/revisions\/1544"}],"wp:attachment":[{"href":"https:\/\/didaxe.it\/it\/wp-json\/wp\/v2\/media?parent=1473"}],"curies":[{"name":"wp","href":"https:\/\/api.w.org\/{rel}","templated":true}]}}