{"id":1446,"date":"2021-05-14T14:37:59","date_gmt":"2021-05-14T14:37:59","guid":{"rendered":"https:\/\/didaxe.it\/?page_id=1446"},"modified":"2021-05-14T17:16:32","modified_gmt":"2021-05-14T17:16:32","slug":"leone-efrati","status":"publish","type":"page","link":"https:\/\/didaxe.it\/it\/leone-efrati","title":{"rendered":""},"content":{"rendered":"<div data-elementor-type=\"wp-page\" data-elementor-id=\"1446\" class=\"elementor elementor-1446\">\n\t\t\t\t\t\t<section class=\"has_eae_slider elementor-section elementor-top-section elementor-element elementor-element-6ddbc306 elementor-section-stretched elementor-section-boxed elementor-section-height-default elementor-section-height-default\" data-eae-slider=\"22337\" data-id=\"6ddbc306\" data-element_type=\"section\" data-e-type=\"section\" data-settings=\"{&quot;stretch_section&quot;:&quot;section-stretched&quot;}\">\n\t\t\t\t\t\t<div class=\"elementor-container elementor-column-gap-default\">\n\t\t\t\t\t<div class=\"has_eae_slider elementor-column elementor-col-100 elementor-top-column elementor-element elementor-element-294f825a\" data-eae-slider=\"74162\" data-id=\"294f825a\" data-element_type=\"column\" data-e-type=\"column\">\n\t\t\t<div class=\"elementor-widget-wrap elementor-element-populated\">\n\t\t\t\t\t\t<div class=\"elementor-element elementor-element-3a57c85 elementor-widget elementor-widget-heading\" data-id=\"3a57c85\" data-element_type=\"widget\" data-e-type=\"widget\" data-widget_type=\"heading.default\">\n\t\t\t\t<div class=\"elementor-widget-container\">\n\t\t\t\t\t<h2 class=\"elementor-heading-title elementor-size-default\">Leone Efrati, detto \"Lelletto\"\ndi Matteo Saracco<\/h2>\t\t\t\t<\/div>\n\t\t\t\t<\/div>\n\t\t\t\t<div class=\"elementor-element elementor-element-c176f10 elementor-widget elementor-widget-image\" data-id=\"c176f10\" data-element_type=\"widget\" data-e-type=\"widget\" data-widget_type=\"image.default\">\n\t\t\t\t<div class=\"elementor-widget-container\">\n\t\t\t\t\t\t\t\t\t\t\t\t\t\t\t<img  title=\"\" fetchpriority=\"high\" decoding=\"async\" width=\"300\" height=\"300\" src=\"https:\/\/didaxe.it\/wp-content\/uploads\/2021\/05\/Kurt-Gerron-300x300.png\" class=\"attachment-medium size-medium wp-image-1436\"  alt=\"Kurt-Gerron-300x300 \"  srcset=\"https:\/\/didaxe.it\/wp-content\/uploads\/2021\/05\/Kurt-Gerron-300x300.png 300w, https:\/\/didaxe.it\/wp-content\/uploads\/2021\/05\/Kurt-Gerron-100x100.png 100w, https:\/\/didaxe.it\/wp-content\/uploads\/2021\/05\/Kurt-Gerron-150x150.png 150w, https:\/\/didaxe.it\/wp-content\/uploads\/2021\/05\/Kurt-Gerron-12x12.png 12w, https:\/\/didaxe.it\/wp-content\/uploads\/2021\/05\/Kurt-Gerron-24x24.png 24w, https:\/\/didaxe.it\/wp-content\/uploads\/2021\/05\/Kurt-Gerron-36x36.png 36w, https:\/\/didaxe.it\/wp-content\/uploads\/2021\/05\/Kurt-Gerron-48x48.png 48w, https:\/\/didaxe.it\/wp-content\/uploads\/2021\/05\/Kurt-Gerron.png 500w\" sizes=\"(max-width: 300px) 100vw, 300px\" \/>\t\t\t\t\t\t\t\t\t\t\t\t\t\t\t<\/div>\n\t\t\t\t<\/div>\n\t\t\t\t<div class=\"elementor-element elementor-element-c36ee46 elementor-widget-divider--view-line elementor-widget elementor-widget-divider\" data-id=\"c36ee46\" data-element_type=\"widget\" data-e-type=\"widget\" data-widget_type=\"divider.default\">\n\t\t\t\t<div class=\"elementor-widget-container\">\n\t\t\t\t\t\t\t<div class=\"elementor-divider\">\n\t\t\t<span class=\"elementor-divider-separator\">\n\t\t\t\t\t\t<\/span>\n\t\t<\/div>\n\t\t\t\t\t\t<\/div>\n\t\t\t\t<\/div>\n\t\t\t\t<div class=\"elementor-element elementor-element-31302f2 elementor-widget elementor-widget-text-editor\" data-id=\"31302f2\" data-element_type=\"widget\" data-e-type=\"widget\" data-widget_type=\"text-editor.default\">\n\t\t\t\t<div class=\"elementor-widget-container\">\n\t\t\t\t\t\t\t\t\t<p>\u00abSarve a tutti. Me chiamo Leone Efrati, ma tutti, speciarmente l\u2019amici miei, me chiamano Lelletto. So\u2019 de Roma, so\u2019 nato a Maggio der 1916. <br \/>Roma \u00e8 sempre stata granne e pe &#8216;n pupo come me era tutto. Ecco &#8216;un proprio tutto tutto perch\u00e9 ce stava er pugilato. <br \/>Appena sono stato abbastanza arto e grosso me so&#8217; \u2018nfilato ne\u2019\u2018a palestra der quartiere, \u2018a mitica Audace.<\/p>\n<p>Da paura ci.<\/p>\n<p>Fin da subito ho capito che avrei dovuto puntare solo su arcune categorie&#8230; per dirla facile li pesi massimi stavano proprio fori da \u2018a portata mia&#8230; ma il vecchio Venturini me disse che sarei stato \u2018n ottimo peso piuma&#8230; agile e scattante&#8230; \u2018n ballerino der ring.<br \/>E cos\u00ec tutte \u2018e mattine all\u2019arba lungo er Tevere a core\u2019 pe migliora\u2019 gambe e resistenza. Spuntato er sole annavo a aiuta\u2019 li miei vendicchianno robbe vecchie e ova in giro pe\u2019 \u2018e strade e er pomeriggio gi\u00f9 all\u2019Audace a farmi crocchi\u00e0 de pugni&#8230;ma a lascianne anche &#8216;n ber mazzo!<br \/>Dopo &#8216;n sacco de pugni in faccia e ova vennute, so\u2019 diventato davero &#8216;n pugile professionista&#8230; l\u2019Itaglia m&#8217;ua so\u2019 girata in l&#8217;ngo e largo grazie ai pugni e a \u2018e gambe mie&#8230;e pure in Francia me so\u2019 attaccato co\u2019\u2019n sacco de gente&#8230; so\u2019 veramente teneri sti galletti.<\/p>\n<p>Cos\u00ec arriviamo ar 1938 quanno er mitico Bruno Mussolini, er nostro presidente de Federazione, me pag\u00f2 er viaggio pe\u2019 \u2018li Stati Uniti, convinto che l\u00e0 avrei sfonnato seriamente&#8230; in realt\u00e0 er suo intento era n\u2019altro, ma al tempo mica l&#8217;avevo capito&#8230;ma \u2018nnamo co\u2019 ordine&#8230;Gli Stati Uniti! \u2018A grande terra dove tutti i sogni diventano realt\u00e0, \u2018a nazione dell&#8217;opportunit\u00e0, er paese de li balocchi&#8230; e &#8216;no sti gran cazzi nun ce lo volemo mette\u2019?<br \/>Comunque Bruno c\u2019aveva azzeccato a \u2018a fine&#8230;negli USA sfonnai davero e arrivai a lotta\u2019 pe\u2019 er titolo mondiale dei pesi piuma contro er famigerato Leo Rodak, &#8216;n granne der pugilato.<br \/>7000 perzone me videro danza\u2019 su quer ring quea sera e artre decine de migliaia ascortarono \u2018a telecronaca. Tutti gli itagliani de Chicago, perfino quelli che der pugilato nun glie n\u2019era mai fregato \u2018na mazza quea sera conobbero er mio nome.<\/p>\n<p><em>\u00abAsciugamano, presto! nun te preoccupa\u2019 \u00e8 solo &#8216;n po\u2019 de sangue, hai \u2018n taglietto sur sopracciglio\u00bb.<\/em><br \/><em>\u00abMecojoni&#8230; io &#8216;un ce vedo pi\u00f9&#8230;c\u2019ho \u2018e gambe molli&#8230;mo glie casco davanti&#8230;\u00bb<\/em><br \/><em>\u00abNon di\u2019 idiozie&#8230;guarda lui piuttosto&#8230;su queo sgabello c\u2019\u00e8 crollato, &#8216;un s\u2019\u00e8 seduto&#8230;l\u2019hai sfiancato, due o tre ganci ben piazzati e \u2018o manni gi\u00f9 bello steso\u00bb<\/em><br \/><em>\u00abDue o tre? Nun sta a fa\u2019 er bavetta, corpirlo \u00e8 \u2018n impresa&#8230;\u00bb<\/em><br \/><em>\u00abC\u2019hai ragione \u00e8 veloce, ma ha \u2018na pessima difesa&#8230;daje che ce siamo quasi! \u2018A cintura poi sentittela addosso; ricordate perch\u00e9 sei su \u2018sto ring, ricordate come ce sei arrivato e ricordate che &#8216;un sei solo&#8230;7000 voci?!? Erano venute pe\u2019 er grande Rodak. Ora acclamano er mitico Lelletto&#8230;resisti!\u00bb<\/em><br \/><em>\u00abCh\u2019\u00e8 pesante \u2018a cintura?!?\u00bb<\/em><br \/><em>\u00ab\u2019Sti cazzi se \u00e8 pesante\u00bb<\/em><br \/><em>\u00abE allora alleggerimolo!\u00bb<\/em><br \/><em>\u00abQuesto \u00e8 \u2018o spirito giusto! Daje fatti ancora \u2018n sorso, \u2018na pulitina a \u2018a faccia e vai!\u00bb<\/em><br \/><em>\u00abMoh \u2018o faccio balla\u2019&#8230; \u2018o faccio balla\u2019 fino all\u2019urtimo!\u00bb<\/em><br \/><em>\u00abDaje Lelletto! Faglie vede\u2019 a \u2018sti yankees come lotta \u2018n pugile italiano!\u00bb<\/em><br \/><em>\u201c56 a 45?!?\u201d <\/em><\/p>\n<p>Persi, ma er mister nun ce stava<\/p>\n<p><em>\u201cNun c\u2019ha senso, eravate perfettamente \u2018n parit\u00e0, avrebbe visto pure \u2018n cieco&#8230;\u201d<\/em><\/p>\n<p>Me pare che sia davero ieri&#8230; er core me batte sempre cos\u00ec forte quanno ce ripenso&#8230;era stato quasi \u2018n sogno&#8230;<br \/>Ma de \u2018sto sogno, in Itaglia, a parte \u2018a famija mia, nessuno ne sapeva niente&#8230;<br \/>Avevo perso ai punti a \u2018a fine&#8230;di poco e ancora &#8216;un so se so\u2019 orgoglioso de ave\u2019 quasi pareggiato co er campione, io che ero quasi \u2018n pischelletto a confronto, oppure incarognito come \u2018na berva perch\u00e9 quarche corpo \u2018n pi\u00f9 e sarei stato io er vincitore&#8230;ce sta che comunque \u00e8 stata \u2018na granne sera!<br \/>Come mai prima d\u2019allora proprio quea notte me sentii solo e triste&#8230;me mancava la mia Ester, me mancavano i figli miei&#8230;me mancava Roma&#8230;<\/p>\n<p>L\u2019Itaglia era diventata \u2018n vero casino&#8230;gi\u00e0 prima che scoppiasse \u2018a guera, Mussolini (er fratello carogna de Bruno) aveva iniziato a usc\u00ec \u2018e sue leggi su \u2018a razza&#8230;in un modo o nell\u2019altro te scacciaveno da ogni luogo (lavoro, locali, mezzi pubblici&#8230;) e te ritrovavi \u2018n mezzo a \u2018na strada.<br \/>\u2018O so, avrei dovuto fa\u2019 come m\u2019aveva consigliato Bruno, stammene negli Stati Uniti e continua\u2019 cor pugilato senza pensieri&#8230;s\u2019era pure offerto de fa ariva\u2019 \u2018a famija mia perch\u00e9 stessimo tutti assieme&#8230;ma io da scemunito quale so\u2019 mica gl\u2019ho dato retta e cos\u00ec ner 1941 so\u2019 tornato a Roma. Me so\u2019 riscritto alla FPI, \u2018a federazione, e volevo torna\u2019 sur ring, ma nun me l\u2019hanno mai permesso.<\/p>\n<p>Cos\u00ec so\u2019 tornato a venne\u2019 ova pe \u2018e strade der quartiere o meglio der Ghetto, \u2018na maledetta prigione a cielo aperto dove entra\u2019 era \u2018na passeggiata, ma \u2018na vorta dentro nun s\u2018usciva pi\u00f9. Tutti c\u2019abbiamo sur calendario &#8216;n giorno che nun voremo mai arrivasse&#8230;per me e per troppi quer giorno \u00e8 il 16 ottobre 1943: \u2018a granne retata der Ghetto!<\/p>\n<p>E dire che fino a &#8216;n seconno prima era stata &#8216;na bella giornata. Avevo vennuto &#8216;n ber po\u2019 de cose e avevo abbuscato &#8216;n po\u2019 de spicci. Avevo portato Romolo, mi fio pi\u00f9 granne, a prennece er gelato; volevo sta\u2019 allegro nonostante er disastro attorno a noi. Appena fori da \u2018a gelateria me sento grida\u2019 a \u2018e spalle:<\/p>\n<p><em> \u201cEfrati &#8216;un te muove\u2019\u201d!<\/em><\/p>\n<p>Du\u2019 fasci \u2018n borghese ce presero a tutte e due e ce portarono ar comanno. L\u00ec ce stavano i du\u2019 monnezza, i du\u2019 venduti infami che stavano ancora \u2018ntascando \u2018a grana p\u2019avecce denunciati. Me prudevano \u2018e mani&#8230; volevo solo croccarli!<br \/>Dopo quarche giorno ce spedirono su &#8216;n convoglio de furgoni con destinazione Fossoli Campo. Sur camion trovai Carlo, mi fratello, ma di Romolo nun sapevo niente&#8230;<br \/>Quer giorno \u00e8 cominciato quarcosa de peggio da \u2018a fine&#8230;<br \/>Racconta\u2019 tutto sarebbe \u2018mpossibile e sinceramente nun ce n\u2019ho voglia de sta\u2019 qui a ripensa\u2019 a quei momenti&#8230;&#8217;na cosa ancora per\u00f2 voglio divvela.<br \/>V\u2019ho detto che in Italia nessuno sapeva de me&#8230;ar campo per\u00f2 ero famoso&#8230;che monnezza!<br \/>Appena arivato me riconobbero&#8230;stavano sempre a indicamme&#8230;me salutaveno pure&#8230;sti \u2018nfami&#8230;<\/p>\n<p>Poi &#8216;n giorno me presero, era domenica&#8230;una de \u2018e poche de riposo che potevamo ave\u2019&#8230;me presero e me portarono \u2018n mezzo a &#8216;na collinetta de tera circonnato da poracci come me che me fissavano&#8230;<br \/>Me misero davanti &#8216;n artro&#8230;pi\u00f9 morto che vivo e ce urlarono de combatte\u2019&#8230;e loro gi\u00f9 a scommette\u2019 e a picchia\u2019 quei poveri quattro diavoli costretti a guardacce, perch\u00e9 facessero er tifo&#8230;<br \/>Cos\u00ec ho passato morte de \u2018e mie domeniche mie&#8230;tutte \u2018e mie domeniche&#8230;<br \/>Io corpivo, loro scommettevano, io vincevo, loro festeggiavano o me \u2018nsurtavano e poi \u2018a vorta dopo ce stava uno sempre pi\u00f9 grosso&#8230;<br \/>Ma &#8216;n giorno sta giostrina s\u2019\u00e8 rotta&#8230;<br \/>Nun me \u2018mporta niente&#8230;me ne fotto se quelli so\u2019 dei kap\u00f2&#8230;l\u2019hanno quasi ammazzato, \u00e8 gi\u00e0 tanto che riesca ancora a respira\u2019! <br \/>Come potr\u00e0 lavora\u2019 domani?!? Gl\u2019hanno quasi spezzato \u2018e gambe&#8230; se \u2018e guardie \u2018o trovano in ste condizioni lo ammazzano seduta stante \u2018o so gi\u00e0, \u00e8 come se fosse gi\u00e0 morto&#8230;Te giuro che m\u2019\u2019a pagheranno!<br \/>Hanno cercato de fregamme ieri, m\u2019hanno messo davanti quer colosso olandese e hanno puntato tutto sur fatto che sarei annato gi\u00f9&#8230;ma io &#8216;un ce sono annato ar tappeto e quelli hanno rosicato&#8230;<\/p>\n<p>A \u2018a fine &#8216;un so\u2019 nulla pi\u00f9 de noi, se credono tanto importanti, ma pe\u2019 LORO, &#8216;un contano pi\u00f9 de me o te, pe\u2019 LORO siamo tutti uguali, tutti sacrificabili. Che gliene fregher\u00e0 se ce pestamo tra de noi e se uno o magari anche due de sti \u201ccapetti\u201d finiscano a \u2019o ospedale o meglio ai forni,saranno solo due o tre bocche in meno da sfama\u2019&#8230;<br \/>Li trover\u00f2 e far\u00f2 loro rimpiagne\u2019 d\u2018ave\u2019 toccato Marco, domani staranno messi molto peggio de lui! <br \/>Se me sgamassero?!? <br \/>Me prendano, me rinchiudano, me affamino, me crocchino&#8230;niente de novo, tutto gi\u00e0 visto e provato&#8230;Nun me rimane nulla, nulla, se non la famija mia o armeno er ricordo suo perch\u00e9 &#8216;un so neanche pi\u00f9 se ce l\u2019ho ancora &#8216;na famija&#8230;<\/p>\n<p>Nun l\u2019avranno vinta.<\/p>\n<p>Possono costrignemme a lotta\u2019 pe\u2019 \u2018e loro scommesse, pe\u2019 \u2018e loro risate, p\u2018\u2018a loro noia. Star\u00f2 zitto e lotter\u00f2, sopporter\u00f2, me piegher\u00f2 se necessario ma nun se devono azzarda\u2019 a fa\u2019 soffri\u2019 l\u2019artri pe\u2019 corpire me, che ce provino a corpimme davero, sur ring, uno contro uno.<br \/>Glie dar\u00f2 \u2018sta possibilit\u00e0 e vedremo chi ne uscir\u00e0 vincitore, vedremo chi di noi avr\u00e0 er tozzo de pane in pi\u00f9 e chi er caretto.<br \/>Sta frase m\u2019\u2019a ripeto da quando so\u2019 venuto in \u2018sto posto de merda&#8230;ma credo che oggi abbia pi\u00f9 significato der solito: bacia &#8216;n\u2019urtima cosa, Eterno, bacia quea bandiera tricolore che me porto ancora \u2018n petto perch\u00e9 moro ebreo, ma so pugile&#8230;itagliano!<\/p>\n<p>Sono annato gi\u00f9 ar tappeto? Assolutamente s\u00ec, ma ho scerto Io.<br \/>Ora conoscete \u2018a storia mia.<\/p>\n<p>Da oggi chiamateme pure Lelletto!\u00bb<\/p>\t\t\t\t\t\t\t\t<\/div>\n\t\t\t\t<\/div>\n\t\t\t\t\t<\/div>\n\t\t<\/div>\n\t\t\t\t\t<\/div>\n\t\t<\/section>\n\t\t\t\t<\/div>","protected":false},"excerpt":{"rendered":"<p>Leone Efrati, detto &#8220;Lelletto&#8221; di Matteo Saracco \u00abSarve a tutti. Me chiamo Leone Efrati, ma tutti, speciarmente l\u2019amici miei, me chiamano Lelletto. So\u2019 de Roma, so\u2019 nato a Maggio der 1916. Roma \u00e8 sempre stata granne e pe &#8216;n pupo come me era tutto. Ecco &#8216;un proprio tutto tutto perch\u00e9 ce stava er pugilato. Appena [&hellip;]<\/p>\n","protected":false},"author":1,"featured_media":0,"parent":0,"menu_order":0,"comment_status":"closed","ping_status":"closed","template":"","meta":{"zakra_page_container_layout":"customizer","zakra_page_sidebar_layout":"customizer","zakra_remove_content_margin":false,"zakra_sidebar":"customizer","zakra_transparent_header":"customizer","zakra_logo":0,"zakra_main_header_style":"default","zakra_menu_item_color":"","zakra_menu_item_hover_color":"","zakra_menu_item_active_color":"","zakra_menu_active_style":"","zakra_page_header":true,"footnotes":""},"class_list":["post-1446","page","type-page","status-publish","hentry"],"aioseo_notices":[],"_links":{"self":[{"href":"https:\/\/didaxe.it\/it\/wp-json\/wp\/v2\/pages\/1446","targetHints":{"allow":["GET"]}}],"collection":[{"href":"https:\/\/didaxe.it\/it\/wp-json\/wp\/v2\/pages"}],"about":[{"href":"https:\/\/didaxe.it\/it\/wp-json\/wp\/v2\/types\/page"}],"author":[{"embeddable":true,"href":"https:\/\/didaxe.it\/it\/wp-json\/wp\/v2\/users\/1"}],"replies":[{"embeddable":true,"href":"https:\/\/didaxe.it\/it\/wp-json\/wp\/v2\/comments?post=1446"}],"version-history":[{"count":8,"href":"https:\/\/didaxe.it\/it\/wp-json\/wp\/v2\/pages\/1446\/revisions"}],"predecessor-version":[{"id":1525,"href":"https:\/\/didaxe.it\/it\/wp-json\/wp\/v2\/pages\/1446\/revisions\/1525"}],"wp:attachment":[{"href":"https:\/\/didaxe.it\/it\/wp-json\/wp\/v2\/media?parent=1446"}],"curies":[{"name":"wp","href":"https:\/\/api.w.org\/{rel}","templated":true}]}}